{"id":933,"date":"2021-12-02T12:13:20","date_gmt":"2021-12-02T16:46:35","guid":{"rendered":"http:\/\/poderemicheli.it\/prodotto\/crostino-toscano-tuscan-sauce\/"},"modified":"2024-05-02T10:40:29","modified_gmt":"2024-05-02T08:40:29","slug":"crostino-toscano-tuscan-sauce","status":"publish","type":"product","link":"https:\/\/www.poderemicheli.it\/en\/prodotto\/crostino-toscano-tuscan-sauce\/","title":{"rendered":"Crostino Toscano &#8221; Tuscan Sauce&#8221;"},"content":{"rendered":"<p>Chicken livers 58 %, onion, carot, CELERY, BUTTER, sunflower oil, capers, ANCHOVIES paste, extra virgin olive oil, garloc, wine, salt, lemon juice, pepper.<\/p>\n","protected":false},"excerpt":{"rendered":"<p>It is the ancient recipes of peasant origin that have given life to the tradition of the &#8220;Tuscan crostini&#8221;; <strong>the Tuscan crostini is one of the most famous appetizers in the cuisine of our region<\/strong>, and even Podere Micheli could not avoid bringing its version to the table. <strong>A preparation that is halfway between a rag\u00f9 and a p\u00e2t\u00e9<\/strong>.<\/p>\n","protected":false},"featured_media":3183,"template":"","meta":{"_acf_changed":false},"product_cat":[590],"product_tag":[],"class_list":["post-933","product","type-product","status-publish","has-post-thumbnail","hentry","product_cat-ragu-and-sauces","pa_carboidrati-23-5-g-en","pa_conservanti-aggiunti-yes-en","pa_conservazione-at-0-4-and-consume-within-5-days-once-opened","pa_di-cui-acidi-grassi-saturi-4-0-g-en","pa_di-cui-zuccheri-1-3-g-en","pa_energia-kj474-175-en","pa_formato-180-g-en","pa_gluten-free-yes","pa_grano-duro-no-en","pa_grassi-12-g-en","pa_link-ricetta-yes-en","pa_made-in-tuscany-no-en","pa_proteine-12-g-en","pa_ricetta-del-podere-si-en"],"acf":[],"yoast_head":"<!-- This site is optimized with the Yoast SEO plugin v21.5 - https:\/\/yoast.com\/wordpress\/plugins\/seo\/ -->\n<title>Crostino Toscano &quot; Tuscan Sauce&quot; - Podere Micheli<\/title>\n<meta name=\"robots\" content=\"index, follow, max-snippet:-1, max-image-preview:large, max-video-preview:-1\" \/>\n<link rel=\"canonical\" href=\"https:\/\/www.poderemicheli.it\/en\/prodotto\/crostino-toscano-tuscan-sauce\/\" \/>\n<meta property=\"og:locale\" content=\"en_US\" \/>\n<meta property=\"og:type\" content=\"article\" \/>\n<meta property=\"og:title\" content=\"Crostino Toscano &quot; Tuscan Sauce&quot; - Podere Micheli\" \/>\n<meta property=\"og:description\" content=\"It is the ancient recipes of peasant origin that have given life to the tradition of the &quot;Tuscan crostini&quot;; the Tuscan crostini is one of the most famous appetizers in the cuisine of our region, and even Podere Micheli could not avoid bringing its version to the table. A preparation that is halfway between a rag\u00f9 and a p\u00e2t\u00e9.\" \/>\n<meta property=\"og:url\" content=\"https:\/\/www.poderemicheli.it\/en\/prodotto\/crostino-toscano-tuscan-sauce\/\" \/>\n<meta property=\"og:site_name\" content=\"Podere Micheli\" \/>\n<meta property=\"article:modified_time\" content=\"2024-05-02T08:40:29+00:00\" \/>\n<meta property=\"og:image\" content=\"https:\/\/www.poderemicheli.it\/wp-content\/uploads\/2024\/04\/lucca-crostino-toscano-podere-micheli-toscana-tipica-.jpg\" \/>\n\t<meta property=\"og:image:width\" content=\"1000\" \/>\n\t<meta property=\"og:image:height\" content=\"1000\" \/>\n\t<meta property=\"og:image:type\" content=\"image\/jpeg\" \/>\n<meta name=\"twitter:card\" content=\"summary_large_image\" \/>\n<meta name=\"twitter:label1\" content=\"Est. reading time\" \/>\n\t<meta name=\"twitter:data1\" content=\"1 minute\" \/>\n<script type=\"application\/ld+json\" class=\"yoast-schema-graph\">{\"@context\":\"https:\/\/schema.org\",\"@graph\":[{\"@type\":\"WebPage\",\"@id\":\"https:\/\/www.poderemicheli.it\/en\/prodotto\/crostino-toscano-tuscan-sauce\/\",\"url\":\"https:\/\/www.poderemicheli.it\/en\/prodotto\/crostino-toscano-tuscan-sauce\/\",\"name\":\"Crostino Toscano \\\" Tuscan Sauce\\\" - Podere Micheli\",\"isPartOf\":{\"@id\":\"https:\/\/www.poderemicheli.it\/#website\"},\"datePublished\":\"2021-12-02T16:46:35+00:00\",\"dateModified\":\"2024-05-02T08:40:29+00:00\",\"breadcrumb\":{\"@id\":\"https:\/\/www.poderemicheli.it\/en\/prodotto\/crostino-toscano-tuscan-sauce\/#breadcrumb\"},\"inLanguage\":\"en-US\",\"potentialAction\":[{\"@type\":\"ReadAction\",\"target\":[\"https:\/\/www.poderemicheli.it\/en\/prodotto\/crostino-toscano-tuscan-sauce\/\"]}]},{\"@type\":\"BreadcrumbList\",\"@id\":\"https:\/\/www.poderemicheli.it\/en\/prodotto\/crostino-toscano-tuscan-sauce\/#breadcrumb\",\"itemListElement\":[{\"@type\":\"ListItem\",\"position\":1,\"name\":\"Home\",\"item\":\"https:\/\/www.poderemicheli.it\/en\/\"},{\"@type\":\"ListItem\",\"position\":2,\"name\":\"Shop\",\"item\":\"https:\/\/www.poderemicheli.it\/en\/shop\/\"},{\"@type\":\"ListItem\",\"position\":3,\"name\":\"Crostino Toscano &#8221; Tuscan Sauce&#8221;\"}]},{\"@type\":\"WebSite\",\"@id\":\"https:\/\/www.poderemicheli.it\/#website\",\"url\":\"https:\/\/www.poderemicheli.it\/\",\"name\":\"Podere Micheli\",\"description\":\"\",\"potentialAction\":[{\"@type\":\"SearchAction\",\"target\":{\"@type\":\"EntryPoint\",\"urlTemplate\":\"https:\/\/www.poderemicheli.it\/?s={search_term_string}\"},\"query-input\":\"required name=search_term_string\"}],\"inLanguage\":\"en-US\"}]}<\/script>\n<!-- \/ Yoast SEO plugin. -->","yoast_head_json":{"title":"Crostino Toscano \" Tuscan Sauce\" - Podere Micheli","robots":{"index":"index","follow":"follow","max-snippet":"max-snippet:-1","max-image-preview":"max-image-preview:large","max-video-preview":"max-video-preview:-1"},"canonical":"https:\/\/www.poderemicheli.it\/en\/prodotto\/crostino-toscano-tuscan-sauce\/","og_locale":"en_US","og_type":"article","og_title":"Crostino Toscano \" Tuscan Sauce\" - Podere Micheli","og_description":"It is the ancient recipes of peasant origin that have given life to the tradition of the \"Tuscan crostini\"; the Tuscan crostini is one of the most famous appetizers in the cuisine of our region, and even Podere Micheli could not avoid bringing its version to the table. A preparation that is halfway between a rag\u00f9 and a p\u00e2t\u00e9.","og_url":"https:\/\/www.poderemicheli.it\/en\/prodotto\/crostino-toscano-tuscan-sauce\/","og_site_name":"Podere Micheli","article_modified_time":"2024-05-02T08:40:29+00:00","og_image":[{"width":1000,"height":1000,"url":"https:\/\/www.poderemicheli.it\/wp-content\/uploads\/2024\/04\/lucca-crostino-toscano-podere-micheli-toscana-tipica-.jpg","type":"image\/jpeg"}],"twitter_card":"summary_large_image","twitter_misc":{"Est. reading time":"1 minute"},"schema":{"@context":"https:\/\/schema.org","@graph":[{"@type":"WebPage","@id":"https:\/\/www.poderemicheli.it\/en\/prodotto\/crostino-toscano-tuscan-sauce\/","url":"https:\/\/www.poderemicheli.it\/en\/prodotto\/crostino-toscano-tuscan-sauce\/","name":"Crostino Toscano \" Tuscan Sauce\" - Podere Micheli","isPartOf":{"@id":"https:\/\/www.poderemicheli.it\/#website"},"datePublished":"2021-12-02T16:46:35+00:00","dateModified":"2024-05-02T08:40:29+00:00","breadcrumb":{"@id":"https:\/\/www.poderemicheli.it\/en\/prodotto\/crostino-toscano-tuscan-sauce\/#breadcrumb"},"inLanguage":"en-US","potentialAction":[{"@type":"ReadAction","target":["https:\/\/www.poderemicheli.it\/en\/prodotto\/crostino-toscano-tuscan-sauce\/"]}]},{"@type":"BreadcrumbList","@id":"https:\/\/www.poderemicheli.it\/en\/prodotto\/crostino-toscano-tuscan-sauce\/#breadcrumb","itemListElement":[{"@type":"ListItem","position":1,"name":"Home","item":"https:\/\/www.poderemicheli.it\/en\/"},{"@type":"ListItem","position":2,"name":"Shop","item":"https:\/\/www.poderemicheli.it\/en\/shop\/"},{"@type":"ListItem","position":3,"name":"Crostino Toscano &#8221; Tuscan Sauce&#8221;"}]},{"@type":"WebSite","@id":"https:\/\/www.poderemicheli.it\/#website","url":"https:\/\/www.poderemicheli.it\/","name":"Podere Micheli","description":"","potentialAction":[{"@type":"SearchAction","target":{"@type":"EntryPoint","urlTemplate":"https:\/\/www.poderemicheli.it\/?s={search_term_string}"},"query-input":"required name=search_term_string"}],"inLanguage":"en-US"}]}},"_links":{"self":[{"href":"https:\/\/www.poderemicheli.it\/en\/wp-json\/wp\/v2\/product\/933","targetHints":{"allow":["GET"]}}],"collection":[{"href":"https:\/\/www.poderemicheli.it\/en\/wp-json\/wp\/v2\/product"}],"about":[{"href":"https:\/\/www.poderemicheli.it\/en\/wp-json\/wp\/v2\/types\/product"}],"wp:featuredmedia":[{"embeddable":true,"href":"https:\/\/www.poderemicheli.it\/en\/wp-json\/wp\/v2\/media\/3183"}],"wp:attachment":[{"href":"https:\/\/www.poderemicheli.it\/en\/wp-json\/wp\/v2\/media?parent=933"}],"wp:term":[{"taxonomy":"product_cat","embeddable":true,"href":"https:\/\/www.poderemicheli.it\/en\/wp-json\/wp\/v2\/product_cat?post=933"},{"taxonomy":"product_tag","embeddable":true,"href":"https:\/\/www.poderemicheli.it\/en\/wp-json\/wp\/v2\/product_tag?post=933"}],"curies":[{"name":"wp","href":"https:\/\/api.w.org\/{rel}","templated":true}]}}