{"id":3551,"date":"2024-11-21T10:50:07","date_gmt":"2024-11-26T09:50:21","guid":{"rendered":"https:\/\/www.poderemicheli.it\/?post_type=product&#038;p=3551"},"modified":"2024-11-26T10:50:21","modified_gmt":"2024-11-26T09:50:21","slug":"limone","status":"publish","type":"product","link":"https:\/\/www.poderemicheli.it\/en\/prodotto\/limone\/","title":{"rendered":"LIMONE&#8217;"},"content":{"rendered":"<p>[vc_row][vc_column][vc_column_text]Inside the combination you will find:<\/p>\n<p>Linguine del Pastaio art 500 gr<br \/>\nLemon 500 ml<br \/>\nChianti Classico Marzocco 750 ml<br \/>\nBlack olive pate 180 gr<br \/>\nWild Boar Ragu 180 gr<br \/>\nMillefiori honey Gr 250<br \/>\nBacon slice 400 gr<br \/>\nPanforte Margherita 100g[\/vc_column_text][\/vc_column][\/vc_row]<\/p>\n","protected":false},"excerpt":{"rendered":"<p>The \u201cLimon\u00e8\u201d package by Podere Micheli takes inspiration from the exaltation of our limoncello liqueur; it is no coincidence that we combine linguine as pasta (with one of the classic &#8220;lemon&#8221; preparations) to give those who choose it an explosion of authentic flavours: the wild boar rag\u00f9, the olive p\u00e2t\u00e9, the slice of bacon are strong flavors and closely connected to the Tuscan tradition. We close with the Margherita panforte, to give the classic &#8220;Christmas&#8221; and festive touch to a package designed to give a unique and tasty conviviality experience.<\/p>\n","protected":false},"featured_media":3532,"template":"","meta":{"_acf_changed":false},"product_cat":[747],"product_tag":[],"class_list":["post-3551","product","type-product","status-publish","has-post-thumbnail","hentry","product_cat-compositions-gift-idea"],"acf":[],"yoast_head":"<!-- This site is optimized with the Yoast SEO plugin v21.5 - https:\/\/yoast.com\/wordpress\/plugins\/seo\/ -->\n<title>LIMONE&#039; - Podere Micheli<\/title>\n<meta name=\"robots\" content=\"index, follow, max-snippet:-1, max-image-preview:large, max-video-preview:-1\" \/>\n<link rel=\"canonical\" href=\"https:\/\/www.poderemicheli.it\/en\/prodotto\/limone\/\" \/>\n<meta property=\"og:locale\" content=\"en_US\" \/>\n<meta property=\"og:type\" content=\"article\" \/>\n<meta property=\"og:title\" content=\"LIMONE&#039; - Podere Micheli\" \/>\n<meta property=\"og:description\" content=\"The \u201cLimon\u00e8\u201d package by Podere Micheli takes inspiration from the exaltation of our limoncello liqueur; it is no coincidence that we combine linguine as pasta (with one of the classic &quot;lemon&quot; preparations) to give those who choose it an explosion of authentic flavours: the wild boar rag\u00f9, the olive p\u00e2t\u00e9, the slice of bacon are strong flavors and closely connected to the Tuscan tradition. We close with the Margherita panforte, to give the classic &quot;Christmas&quot; and festive touch to a package designed to give a unique and tasty conviviality experience.\" \/>\n<meta property=\"og:url\" content=\"https:\/\/www.poderemicheli.it\/en\/prodotto\/limone\/\" \/>\n<meta property=\"og:site_name\" content=\"Podere Micheli\" \/>\n<meta property=\"og:image\" content=\"https:\/\/www.poderemicheli.it\/wp-content\/uploads\/2024\/11\/cesto-regalo-limone-podere-micheli-lucca-toscana-tipica-1.jpg\" \/>\n\t<meta property=\"og:image:width\" content=\"1000\" \/>\n\t<meta property=\"og:image:height\" content=\"1500\" \/>\n\t<meta property=\"og:image:type\" content=\"image\/jpeg\" \/>\n<meta name=\"twitter:card\" content=\"summary_large_image\" \/>\n<meta name=\"twitter:label1\" content=\"Est. reading time\" \/>\n\t<meta name=\"twitter:data1\" content=\"1 minute\" \/>\n<script type=\"application\/ld+json\" class=\"yoast-schema-graph\">{\"@context\":\"https:\/\/schema.org\",\"@graph\":[{\"@type\":\"WebPage\",\"@id\":\"https:\/\/www.poderemicheli.it\/en\/prodotto\/limone\/\",\"url\":\"https:\/\/www.poderemicheli.it\/en\/prodotto\/limone\/\",\"name\":\"LIMONE' - Podere Micheli\",\"isPartOf\":{\"@id\":\"https:\/\/www.poderemicheli.it\/#website\"},\"datePublished\":\"2024-11-26T09:50:21+00:00\",\"dateModified\":\"2024-11-26T09:50:21+00:00\",\"breadcrumb\":{\"@id\":\"https:\/\/www.poderemicheli.it\/en\/prodotto\/limone\/#breadcrumb\"},\"inLanguage\":\"en-US\",\"potentialAction\":[{\"@type\":\"ReadAction\",\"target\":[\"https:\/\/www.poderemicheli.it\/en\/prodotto\/limone\/\"]}]},{\"@type\":\"BreadcrumbList\",\"@id\":\"https:\/\/www.poderemicheli.it\/en\/prodotto\/limone\/#breadcrumb\",\"itemListElement\":[{\"@type\":\"ListItem\",\"position\":1,\"name\":\"Home\",\"item\":\"https:\/\/www.poderemicheli.it\/en\/\"},{\"@type\":\"ListItem\",\"position\":2,\"name\":\"Shop\",\"item\":\"https:\/\/www.poderemicheli.it\/en\/shop\/\"},{\"@type\":\"ListItem\",\"position\":3,\"name\":\"LIMONE&#8217;\"}]},{\"@type\":\"WebSite\",\"@id\":\"https:\/\/www.poderemicheli.it\/#website\",\"url\":\"https:\/\/www.poderemicheli.it\/\",\"name\":\"Podere Micheli\",\"description\":\"\",\"potentialAction\":[{\"@type\":\"SearchAction\",\"target\":{\"@type\":\"EntryPoint\",\"urlTemplate\":\"https:\/\/www.poderemicheli.it\/?s={search_term_string}\"},\"query-input\":\"required name=search_term_string\"}],\"inLanguage\":\"en-US\"}]}<\/script>\n<!-- \/ Yoast SEO plugin. -->","yoast_head_json":{"title":"LIMONE' - Podere Micheli","robots":{"index":"index","follow":"follow","max-snippet":"max-snippet:-1","max-image-preview":"max-image-preview:large","max-video-preview":"max-video-preview:-1"},"canonical":"https:\/\/www.poderemicheli.it\/en\/prodotto\/limone\/","og_locale":"en_US","og_type":"article","og_title":"LIMONE' - Podere Micheli","og_description":"The \u201cLimon\u00e8\u201d package by Podere Micheli takes inspiration from the exaltation of our limoncello liqueur; it is no coincidence that we combine linguine as pasta (with one of the classic \"lemon\" preparations) to give those who choose it an explosion of authentic flavours: the wild boar rag\u00f9, the olive p\u00e2t\u00e9, the slice of bacon are strong flavors and closely connected to the Tuscan tradition. We close with the Margherita panforte, to give the classic \"Christmas\" and festive touch to a package designed to give a unique and tasty conviviality experience.","og_url":"https:\/\/www.poderemicheli.it\/en\/prodotto\/limone\/","og_site_name":"Podere Micheli","og_image":[{"width":1000,"height":1500,"url":"https:\/\/www.poderemicheli.it\/wp-content\/uploads\/2024\/11\/cesto-regalo-limone-podere-micheli-lucca-toscana-tipica-1.jpg","type":"image\/jpeg"}],"twitter_card":"summary_large_image","twitter_misc":{"Est. reading time":"1 minute"},"schema":{"@context":"https:\/\/schema.org","@graph":[{"@type":"WebPage","@id":"https:\/\/www.poderemicheli.it\/en\/prodotto\/limone\/","url":"https:\/\/www.poderemicheli.it\/en\/prodotto\/limone\/","name":"LIMONE' - Podere Micheli","isPartOf":{"@id":"https:\/\/www.poderemicheli.it\/#website"},"datePublished":"2024-11-26T09:50:21+00:00","dateModified":"2024-11-26T09:50:21+00:00","breadcrumb":{"@id":"https:\/\/www.poderemicheli.it\/en\/prodotto\/limone\/#breadcrumb"},"inLanguage":"en-US","potentialAction":[{"@type":"ReadAction","target":["https:\/\/www.poderemicheli.it\/en\/prodotto\/limone\/"]}]},{"@type":"BreadcrumbList","@id":"https:\/\/www.poderemicheli.it\/en\/prodotto\/limone\/#breadcrumb","itemListElement":[{"@type":"ListItem","position":1,"name":"Home","item":"https:\/\/www.poderemicheli.it\/en\/"},{"@type":"ListItem","position":2,"name":"Shop","item":"https:\/\/www.poderemicheli.it\/en\/shop\/"},{"@type":"ListItem","position":3,"name":"LIMONE&#8217;"}]},{"@type":"WebSite","@id":"https:\/\/www.poderemicheli.it\/#website","url":"https:\/\/www.poderemicheli.it\/","name":"Podere Micheli","description":"","potentialAction":[{"@type":"SearchAction","target":{"@type":"EntryPoint","urlTemplate":"https:\/\/www.poderemicheli.it\/?s={search_term_string}"},"query-input":"required name=search_term_string"}],"inLanguage":"en-US"}]}},"_links":{"self":[{"href":"https:\/\/www.poderemicheli.it\/en\/wp-json\/wp\/v2\/product\/3551","targetHints":{"allow":["GET"]}}],"collection":[{"href":"https:\/\/www.poderemicheli.it\/en\/wp-json\/wp\/v2\/product"}],"about":[{"href":"https:\/\/www.poderemicheli.it\/en\/wp-json\/wp\/v2\/types\/product"}],"wp:featuredmedia":[{"embeddable":true,"href":"https:\/\/www.poderemicheli.it\/en\/wp-json\/wp\/v2\/media\/3532"}],"wp:attachment":[{"href":"https:\/\/www.poderemicheli.it\/en\/wp-json\/wp\/v2\/media?parent=3551"}],"wp:term":[{"taxonomy":"product_cat","embeddable":true,"href":"https:\/\/www.poderemicheli.it\/en\/wp-json\/wp\/v2\/product_cat?post=3551"},{"taxonomy":"product_tag","embeddable":true,"href":"https:\/\/www.poderemicheli.it\/en\/wp-json\/wp\/v2\/product_tag?post=3551"}],"curies":[{"name":"wp","href":"https:\/\/api.w.org\/{rel}","templated":true}]}}