{"id":3317,"date":"2024-04-10T14:44:30","date_gmt":"2024-04-26T14:32:30","guid":{"rendered":"https:\/\/www.poderemicheli.it\/?post_type=product&#038;p=3317"},"modified":"2024-04-30T12:45:22","modified_gmt":"2024-04-30T10:45:22","slug":"deer-ragu","status":"publish","type":"product","link":"https:\/\/www.poderemicheli.it\/en\/prodotto\/deer-ragu\/","title":{"rendered":"Deer Rag\u00f9"},"content":{"rendered":"","protected":false},"excerpt":{"rendered":"<p>The Tuscan gastronomic tradition also brings deer rag\u00f9 to our tables. Podere Micheli&#8217;s deer rag\u00f9 is made according to the<strong> traditional regional recipe<\/strong> and using <strong>simple and genuine raw materials<\/strong>. Deer rag\u00f9 is prepared according to the ancient recipe of the Tuscan tradition, constituting a <strong>tasty<\/strong> and <strong>refined<\/strong> condiment, with <strong>delicate meat<\/strong> and a unique flavour.<\/p>\n","protected":false},"featured_media":3205,"template":"","meta":{"_acf_changed":false},"product_cat":[590],"product_tag":[],"class_list":["post-3317","product","type-product","status-publish","has-post-thumbnail","hentry","product_cat-ragu-and-sauces"],"acf":[],"yoast_head":"<!-- This site is optimized with the Yoast SEO plugin v21.5 - https:\/\/yoast.com\/wordpress\/plugins\/seo\/ -->\n<title>Deer Rag\u00f9 - Podere Micheli<\/title>\n<meta name=\"robots\" content=\"index, follow, max-snippet:-1, max-image-preview:large, max-video-preview:-1\" \/>\n<link rel=\"canonical\" href=\"https:\/\/www.poderemicheli.it\/en\/prodotto\/deer-ragu\/\" \/>\n<meta property=\"og:locale\" content=\"en_US\" \/>\n<meta property=\"og:type\" content=\"article\" \/>\n<meta property=\"og:title\" content=\"Deer Rag\u00f9 - Podere Micheli\" \/>\n<meta property=\"og:description\" content=\"The Tuscan gastronomic tradition also brings deer rag\u00f9 to our tables. Podere Micheli&#039;s deer rag\u00f9 is made according to the traditional regional recipe and using simple and genuine raw materials. Deer rag\u00f9 is prepared according to the ancient recipe of the Tuscan tradition, constituting a tasty and refined condiment, with delicate meat and a unique flavour.\" \/>\n<meta property=\"og:url\" content=\"https:\/\/www.poderemicheli.it\/en\/prodotto\/deer-ragu\/\" \/>\n<meta property=\"og:site_name\" content=\"Podere Micheli\" \/>\n<meta property=\"article:modified_time\" content=\"2024-04-30T10:45:22+00:00\" \/>\n<meta property=\"og:image\" content=\"https:\/\/www.poderemicheli.it\/wp-content\/uploads\/2024\/04\/lucca-ragu-di-cervo-podere-micheli-toscana-tipica-.jpg\" \/>\n\t<meta property=\"og:image:width\" content=\"1000\" \/>\n\t<meta property=\"og:image:height\" content=\"1000\" \/>\n\t<meta property=\"og:image:type\" content=\"image\/jpeg\" \/>\n<meta name=\"twitter:card\" content=\"summary_large_image\" \/>\n<script type=\"application\/ld+json\" class=\"yoast-schema-graph\">{\"@context\":\"https:\/\/schema.org\",\"@graph\":[{\"@type\":\"WebPage\",\"@id\":\"https:\/\/www.poderemicheli.it\/en\/prodotto\/deer-ragu\/\",\"url\":\"https:\/\/www.poderemicheli.it\/en\/prodotto\/deer-ragu\/\",\"name\":\"Deer Rag\u00f9 - Podere Micheli\",\"isPartOf\":{\"@id\":\"https:\/\/www.poderemicheli.it\/#website\"},\"datePublished\":\"2024-04-26T14:32:30+00:00\",\"dateModified\":\"2024-04-30T10:45:22+00:00\",\"breadcrumb\":{\"@id\":\"https:\/\/www.poderemicheli.it\/en\/prodotto\/deer-ragu\/#breadcrumb\"},\"inLanguage\":\"en-US\",\"potentialAction\":[{\"@type\":\"ReadAction\",\"target\":[\"https:\/\/www.poderemicheli.it\/en\/prodotto\/deer-ragu\/\"]}]},{\"@type\":\"BreadcrumbList\",\"@id\":\"https:\/\/www.poderemicheli.it\/en\/prodotto\/deer-ragu\/#breadcrumb\",\"itemListElement\":[{\"@type\":\"ListItem\",\"position\":1,\"name\":\"Home\",\"item\":\"https:\/\/www.poderemicheli.it\/en\/\"},{\"@type\":\"ListItem\",\"position\":2,\"name\":\"Shop\",\"item\":\"https:\/\/www.poderemicheli.it\/en\/shop\/\"},{\"@type\":\"ListItem\",\"position\":3,\"name\":\"Deer Rag\u00f9\"}]},{\"@type\":\"WebSite\",\"@id\":\"https:\/\/www.poderemicheli.it\/#website\",\"url\":\"https:\/\/www.poderemicheli.it\/\",\"name\":\"Podere Micheli\",\"description\":\"\",\"potentialAction\":[{\"@type\":\"SearchAction\",\"target\":{\"@type\":\"EntryPoint\",\"urlTemplate\":\"https:\/\/www.poderemicheli.it\/?s={search_term_string}\"},\"query-input\":\"required name=search_term_string\"}],\"inLanguage\":\"en-US\"}]}<\/script>\n<!-- \/ Yoast SEO plugin. -->","yoast_head_json":{"title":"Deer Rag\u00f9 - Podere Micheli","robots":{"index":"index","follow":"follow","max-snippet":"max-snippet:-1","max-image-preview":"max-image-preview:large","max-video-preview":"max-video-preview:-1"},"canonical":"https:\/\/www.poderemicheli.it\/en\/prodotto\/deer-ragu\/","og_locale":"en_US","og_type":"article","og_title":"Deer Rag\u00f9 - Podere Micheli","og_description":"The Tuscan gastronomic tradition also brings deer rag\u00f9 to our tables. Podere Micheli's deer rag\u00f9 is made according to the traditional regional recipe and using simple and genuine raw materials. Deer rag\u00f9 is prepared according to the ancient recipe of the Tuscan tradition, constituting a tasty and refined condiment, with delicate meat and a unique flavour.","og_url":"https:\/\/www.poderemicheli.it\/en\/prodotto\/deer-ragu\/","og_site_name":"Podere Micheli","article_modified_time":"2024-04-30T10:45:22+00:00","og_image":[{"width":1000,"height":1000,"url":"https:\/\/www.poderemicheli.it\/wp-content\/uploads\/2024\/04\/lucca-ragu-di-cervo-podere-micheli-toscana-tipica-.jpg","type":"image\/jpeg"}],"twitter_card":"summary_large_image","schema":{"@context":"https:\/\/schema.org","@graph":[{"@type":"WebPage","@id":"https:\/\/www.poderemicheli.it\/en\/prodotto\/deer-ragu\/","url":"https:\/\/www.poderemicheli.it\/en\/prodotto\/deer-ragu\/","name":"Deer Rag\u00f9 - Podere Micheli","isPartOf":{"@id":"https:\/\/www.poderemicheli.it\/#website"},"datePublished":"2024-04-26T14:32:30+00:00","dateModified":"2024-04-30T10:45:22+00:00","breadcrumb":{"@id":"https:\/\/www.poderemicheli.it\/en\/prodotto\/deer-ragu\/#breadcrumb"},"inLanguage":"en-US","potentialAction":[{"@type":"ReadAction","target":["https:\/\/www.poderemicheli.it\/en\/prodotto\/deer-ragu\/"]}]},{"@type":"BreadcrumbList","@id":"https:\/\/www.poderemicheli.it\/en\/prodotto\/deer-ragu\/#breadcrumb","itemListElement":[{"@type":"ListItem","position":1,"name":"Home","item":"https:\/\/www.poderemicheli.it\/en\/"},{"@type":"ListItem","position":2,"name":"Shop","item":"https:\/\/www.poderemicheli.it\/en\/shop\/"},{"@type":"ListItem","position":3,"name":"Deer Rag\u00f9"}]},{"@type":"WebSite","@id":"https:\/\/www.poderemicheli.it\/#website","url":"https:\/\/www.poderemicheli.it\/","name":"Podere Micheli","description":"","potentialAction":[{"@type":"SearchAction","target":{"@type":"EntryPoint","urlTemplate":"https:\/\/www.poderemicheli.it\/?s={search_term_string}"},"query-input":"required name=search_term_string"}],"inLanguage":"en-US"}]}},"_links":{"self":[{"href":"https:\/\/www.poderemicheli.it\/en\/wp-json\/wp\/v2\/product\/3317","targetHints":{"allow":["GET"]}}],"collection":[{"href":"https:\/\/www.poderemicheli.it\/en\/wp-json\/wp\/v2\/product"}],"about":[{"href":"https:\/\/www.poderemicheli.it\/en\/wp-json\/wp\/v2\/types\/product"}],"wp:featuredmedia":[{"embeddable":true,"href":"https:\/\/www.poderemicheli.it\/en\/wp-json\/wp\/v2\/media\/3205"}],"wp:attachment":[{"href":"https:\/\/www.poderemicheli.it\/en\/wp-json\/wp\/v2\/media?parent=3317"}],"wp:term":[{"taxonomy":"product_cat","embeddable":true,"href":"https:\/\/www.poderemicheli.it\/en\/wp-json\/wp\/v2\/product_cat?post=3317"},{"taxonomy":"product_tag","embeddable":true,"href":"https:\/\/www.poderemicheli.it\/en\/wp-json\/wp\/v2\/product_tag?post=3317"}],"curies":[{"name":"wp","href":"https:\/\/api.w.org\/{rel}","templated":true}]}}