{"id":1687,"date":"2022-03-23T21:12:58","date_gmt":"2022-03-23T20:12:58","guid":{"rendered":"http:\/\/poderemicheli.it\/?post_type=product&#038;p=1687"},"modified":"2024-11-26T11:08:13","modified_gmt":"2024-11-26T10:08:13","slug":"anfiteatro","status":"publish","type":"product","link":"https:\/\/www.poderemicheli.it\/en\/prodotto\/anfiteatro\/","title":{"rendered":"ANFITEATRO"},"content":{"rendered":"<p>[vc_row][vc_column][vc_column_text]Inside the box you will find:<\/p>\n<ul>\n<li>Chianti Classico Marzocco Podere Micheli bottle 750 ml<\/li>\n<li>Il Principino Rosato &#8211; Podere Micheli bottle 750 ml<\/li>\n<li>Extra virgin olive oil 100% italian Le Macine Podere Micheli bottle 750 ml<\/li>\n<li>Garfagnana&#8217;s emmer IGP 500 gr<\/li>\n<li>Tuscan crouton pat\u00e9 180 gr<\/li>\n<li>Red Onion Mustard 270 gr<\/li>\n<li>Tuscan salami slice 350 gr sv<\/li>\n<li>Garfagnana&#8217;s pecorino gr 600 ca sv<\/li>\n<li>Silk-screened Podere Micheli box<\/li>\n<\/ul>\n<p>[\/vc_column_text][\/vc_column][\/vc_row]<\/p>\n","protected":false},"excerpt":{"rendered":"<p>\u201cAnfiteatro\u201d by Podere Micheli is the combination created to \u201camplify\u201d your sensorial experience and share it with those closest to you during the holidays. Olive oil, Chianti Classico and a ros\u00e9 broaden the spectrum of flavors for the palate throughout the food and wine experience; emmer, p\u00e2t\u00e9 and mustard accompany pecorino and salami and suggest you combine them together to enhance the magic of Christmas: perfect combinations to surprise those you love!<\/p>\n","protected":false},"featured_media":1769,"template":"","meta":{"_acf_changed":false},"product_cat":[747],"product_tag":[],"class_list":["post-1687","product","type-product","status-publish","has-post-thumbnail","hentry","product_cat-compositions-gift-idea"],"acf":[],"yoast_head":"<!-- This site is optimized with the Yoast SEO plugin v21.5 - https:\/\/yoast.com\/wordpress\/plugins\/seo\/ -->\n<title>ANFITEATRO - Podere Micheli<\/title>\n<meta name=\"robots\" content=\"index, follow, max-snippet:-1, max-image-preview:large, max-video-preview:-1\" \/>\n<link rel=\"canonical\" href=\"https:\/\/www.poderemicheli.it\/en\/prodotto\/anfiteatro\/\" \/>\n<meta property=\"og:locale\" content=\"en_US\" \/>\n<meta property=\"og:type\" content=\"article\" \/>\n<meta property=\"og:title\" content=\"ANFITEATRO - Podere Micheli\" \/>\n<meta property=\"og:description\" content=\"\u201cAnfiteatro\u201d by Podere Micheli is the combination created to \u201camplify\u201d your sensorial experience and share it with those closest to you during the holidays. Olive oil, Chianti Classico and a ros\u00e9 broaden the spectrum of flavors for the palate throughout the food and wine experience; emmer, p\u00e2t\u00e9 and mustard accompany pecorino and salami and suggest you combine them together to enhance the magic of Christmas: perfect combinations to surprise those you love!\" \/>\n<meta property=\"og:url\" content=\"https:\/\/www.poderemicheli.it\/en\/prodotto\/anfiteatro\/\" \/>\n<meta property=\"og:site_name\" content=\"Podere Micheli\" \/>\n<meta property=\"article:modified_time\" content=\"2024-11-26T10:08:13+00:00\" \/>\n<meta property=\"og:image\" content=\"https:\/\/www.poderemicheli.it\/wp-content\/uploads\/2022\/03\/Anfiteatro-idea-regalo-podere-micheli-toscana-tipica.jpg\" \/>\n\t<meta property=\"og:image:width\" content=\"1200\" \/>\n\t<meta property=\"og:image:height\" content=\"800\" \/>\n\t<meta property=\"og:image:type\" content=\"image\/jpeg\" \/>\n<meta name=\"twitter:card\" content=\"summary_large_image\" \/>\n<meta name=\"twitter:label1\" content=\"Est. reading time\" \/>\n\t<meta name=\"twitter:data1\" content=\"1 minute\" \/>\n<script type=\"application\/ld+json\" class=\"yoast-schema-graph\">{\"@context\":\"https:\/\/schema.org\",\"@graph\":[{\"@type\":\"WebPage\",\"@id\":\"https:\/\/www.poderemicheli.it\/en\/prodotto\/anfiteatro\/\",\"url\":\"https:\/\/www.poderemicheli.it\/en\/prodotto\/anfiteatro\/\",\"name\":\"ANFITEATRO - Podere Micheli\",\"isPartOf\":{\"@id\":\"https:\/\/www.poderemicheli.it\/#website\"},\"datePublished\":\"2022-03-23T20:12:58+00:00\",\"dateModified\":\"2024-11-26T10:08:13+00:00\",\"breadcrumb\":{\"@id\":\"https:\/\/www.poderemicheli.it\/en\/prodotto\/anfiteatro\/#breadcrumb\"},\"inLanguage\":\"en-US\",\"potentialAction\":[{\"@type\":\"ReadAction\",\"target\":[\"https:\/\/www.poderemicheli.it\/en\/prodotto\/anfiteatro\/\"]}]},{\"@type\":\"BreadcrumbList\",\"@id\":\"https:\/\/www.poderemicheli.it\/en\/prodotto\/anfiteatro\/#breadcrumb\",\"itemListElement\":[{\"@type\":\"ListItem\",\"position\":1,\"name\":\"Home\",\"item\":\"https:\/\/www.poderemicheli.it\/en\/\"},{\"@type\":\"ListItem\",\"position\":2,\"name\":\"Shop\",\"item\":\"https:\/\/www.poderemicheli.it\/en\/shop\/\"},{\"@type\":\"ListItem\",\"position\":3,\"name\":\"ANFITEATRO\"}]},{\"@type\":\"WebSite\",\"@id\":\"https:\/\/www.poderemicheli.it\/#website\",\"url\":\"https:\/\/www.poderemicheli.it\/\",\"name\":\"Podere Micheli\",\"description\":\"\",\"potentialAction\":[{\"@type\":\"SearchAction\",\"target\":{\"@type\":\"EntryPoint\",\"urlTemplate\":\"https:\/\/www.poderemicheli.it\/?s={search_term_string}\"},\"query-input\":\"required name=search_term_string\"}],\"inLanguage\":\"en-US\"}]}<\/script>\n<!-- \/ Yoast SEO plugin. -->","yoast_head_json":{"title":"ANFITEATRO - Podere Micheli","robots":{"index":"index","follow":"follow","max-snippet":"max-snippet:-1","max-image-preview":"max-image-preview:large","max-video-preview":"max-video-preview:-1"},"canonical":"https:\/\/www.poderemicheli.it\/en\/prodotto\/anfiteatro\/","og_locale":"en_US","og_type":"article","og_title":"ANFITEATRO - Podere Micheli","og_description":"\u201cAnfiteatro\u201d by Podere Micheli is the combination created to \u201camplify\u201d your sensorial experience and share it with those closest to you during the holidays. Olive oil, Chianti Classico and a ros\u00e9 broaden the spectrum of flavors for the palate throughout the food and wine experience; emmer, p\u00e2t\u00e9 and mustard accompany pecorino and salami and suggest you combine them together to enhance the magic of Christmas: perfect combinations to surprise those you love!","og_url":"https:\/\/www.poderemicheli.it\/en\/prodotto\/anfiteatro\/","og_site_name":"Podere Micheli","article_modified_time":"2024-11-26T10:08:13+00:00","og_image":[{"width":1200,"height":800,"url":"https:\/\/www.poderemicheli.it\/wp-content\/uploads\/2022\/03\/Anfiteatro-idea-regalo-podere-micheli-toscana-tipica.jpg","type":"image\/jpeg"}],"twitter_card":"summary_large_image","twitter_misc":{"Est. reading time":"1 minute"},"schema":{"@context":"https:\/\/schema.org","@graph":[{"@type":"WebPage","@id":"https:\/\/www.poderemicheli.it\/en\/prodotto\/anfiteatro\/","url":"https:\/\/www.poderemicheli.it\/en\/prodotto\/anfiteatro\/","name":"ANFITEATRO - Podere Micheli","isPartOf":{"@id":"https:\/\/www.poderemicheli.it\/#website"},"datePublished":"2022-03-23T20:12:58+00:00","dateModified":"2024-11-26T10:08:13+00:00","breadcrumb":{"@id":"https:\/\/www.poderemicheli.it\/en\/prodotto\/anfiteatro\/#breadcrumb"},"inLanguage":"en-US","potentialAction":[{"@type":"ReadAction","target":["https:\/\/www.poderemicheli.it\/en\/prodotto\/anfiteatro\/"]}]},{"@type":"BreadcrumbList","@id":"https:\/\/www.poderemicheli.it\/en\/prodotto\/anfiteatro\/#breadcrumb","itemListElement":[{"@type":"ListItem","position":1,"name":"Home","item":"https:\/\/www.poderemicheli.it\/en\/"},{"@type":"ListItem","position":2,"name":"Shop","item":"https:\/\/www.poderemicheli.it\/en\/shop\/"},{"@type":"ListItem","position":3,"name":"ANFITEATRO"}]},{"@type":"WebSite","@id":"https:\/\/www.poderemicheli.it\/#website","url":"https:\/\/www.poderemicheli.it\/","name":"Podere Micheli","description":"","potentialAction":[{"@type":"SearchAction","target":{"@type":"EntryPoint","urlTemplate":"https:\/\/www.poderemicheli.it\/?s={search_term_string}"},"query-input":"required name=search_term_string"}],"inLanguage":"en-US"}]}},"_links":{"self":[{"href":"https:\/\/www.poderemicheli.it\/en\/wp-json\/wp\/v2\/product\/1687","targetHints":{"allow":["GET"]}}],"collection":[{"href":"https:\/\/www.poderemicheli.it\/en\/wp-json\/wp\/v2\/product"}],"about":[{"href":"https:\/\/www.poderemicheli.it\/en\/wp-json\/wp\/v2\/types\/product"}],"wp:featuredmedia":[{"embeddable":true,"href":"https:\/\/www.poderemicheli.it\/en\/wp-json\/wp\/v2\/media\/1769"}],"wp:attachment":[{"href":"https:\/\/www.poderemicheli.it\/en\/wp-json\/wp\/v2\/media?parent=1687"}],"wp:term":[{"taxonomy":"product_cat","embeddable":true,"href":"https:\/\/www.poderemicheli.it\/en\/wp-json\/wp\/v2\/product_cat?post=1687"},{"taxonomy":"product_tag","embeddable":true,"href":"https:\/\/www.poderemicheli.it\/en\/wp-json\/wp\/v2\/product_tag?post=1687"}],"curies":[{"name":"wp","href":"https:\/\/api.w.org\/{rel}","templated":true}]}}