{"id":341,"date":"2021-11-12T10:03:03","date_gmt":"2021-11-12T09:03:03","guid":{"rendered":"http:\/\/poderemicheli.it\/homepage\/"},"modified":"2022-12-05T14:38:35","modified_gmt":"2022-12-05T13:38:35","slug":"homepage","status":"publish","type":"page","link":"https:\/\/www.poderemicheli.it\/en\/","title":{"rendered":"Homepage"},"content":{"rendered":"<p>[vc_row full_width=&#8221;stretch_row_content_no_spaces&#8221; full_height=&#8221;yes&#8221; columns_placement=&#8221;top&#8221; equal_height=&#8221;yes&#8221; css=&#8221;.vc_custom_1670247464035{padding-top: 50px !important;padding-bottom: 50px !important;background-image: url(https:\/\/www.poderemicheli.it\/wp-content\/uploads\/2022\/12\/top-image-homepage-poderemicheli.jpg?id=2182) !important;background-position: center !important;background-repeat: no-repeat !important;background-size: cover !important;}&#8221; el_id=&#8221;header-row&#8221;][vc_column css=&#8221;.vc_custom_1670247513012{padding-top: 0px !important;}&#8221;][vc_column_text css=&#8221;.vc_custom_1670247490205{padding-top: 20px !important;}&#8221;]<\/p>\n<h1 style=\"text-align: center; color: #000; line-height: 53px;\">Podere Micheli<br \/>\nAntica Tradizione Toscana<br \/>\na Lucca dal 1488<\/h1>\n<p>[\/vc_column_text][\/vc_column][\/vc_row][vc_row equal_height=&#8221;yes&#8221; content_placement=&#8221;middle&#8221; css=&#8221;.vc_custom_1634890557024{margin-top: 30px !important;margin-bottom: 30px !important;}&#8221; el_class=&#8221;rows-home&#8221;][vc_column width=&#8221;1\/2&#8243; css=&#8221;.vc_custom_1634544578421{padding-top: 0px !important;padding-right: 0px !important;padding-bottom: 0px !important;padding-left: 0px !important;background-color: #ffffff !important;}&#8221;][vc_column_text el_class=&#8221;heading-first-row&#8221;]<\/p>\n<h5 style=\"text-align: center;\">SCOPRI<\/h5>\n<p>[\/vc_column_text][vc_column_text el_class=&#8221;col-txt-home&#8221;]<\/p>\n<h2 class=\"content-paragraph-home\">I nostri rag\u00f9<br \/>\nfatti come quelli<br \/>\ndi una volta<\/h2>\n<p class=\"content-paragraph-home style-italic-home\" style=\"color: #9b9191;\">I nostri magnifici rag\u00f9 standard sin dal sedicesimo secolo, quando un anonimo tipografo prese una cassetta di caratteri e li assembl\u00f2 per preparare un testo campione. \u00c8 sopravvissuto non solo<br \/>\na pi\u00f9 di cinque secoli, ma anche al passaggio alla videoimpaginazione, pervenendoci sostanzialmente inalterato.<\/p>\n<p>[\/vc_column_text][vc_btn title=&#8221;SCOPRI DI PI\u00da&#8221; style=&#8221;custom&#8221; custom_background=&#8221;#cca95a&#8221; custom_text=&#8221;#ffffff&#8221; shape=&#8221;square&#8221; align=&#8221;center&#8221; link=&#8221;url:http%3A%2F%2Fpoderemicheli.it%2Fcategoria-prodotto%2Fragu%2F|&#8221;][\/vc_column][vc_column width=&#8221;1\/2&#8243; css=&#8221;.vc_custom_1634890654849{padding-top: 0px !important;padding-right: 0px !important;padding-left: 0px !important;}&#8221;][vc_single_image image=&#8221;237&#8243; img_size=&#8221;full&#8221; el_class=&#8221;food-img-homepage&#8221;][\/vc_column][\/vc_row][vc_row equal_height=&#8221;yes&#8221; content_placement=&#8221;middle&#8221; css=&#8221;.vc_custom_1634890562531{margin-top: 30px !important;margin-bottom: 30px !important;}&#8221; el_class=&#8221;rows-home&#8221;][vc_column width=&#8221;1\/2&#8243; css=&#8221;.vc_custom_1634544722714{padding-top: 0px !important;padding-right: 0px !important;padding-left: 0px !important;}&#8221;][vc_single_image image=&#8221;240&#8243; img_size=&#8221;full&#8221; alignment=&#8221;right&#8221; css=&#8221;.vc_custom_1634826555700{padding-left: 0px !important;}&#8221; el_class=&#8221;food-img-homepage&#8221;][\/vc_column][vc_column width=&#8221;1\/2&#8243; css=&#8221;.vc_custom_1634544116777{padding-top: 0px !important;padding-right: 0px !important;padding-bottom: 0px !important;padding-left: 0px !important;background-color: #ffffff !important;}&#8221;][vc_column_text el_class=&#8221;heading-scnd-row&#8221;]<\/p>\n<h5 style=\"text-align: center;\">L&#8217;AZIENDA<\/h5>\n<p>[\/vc_column_text][vc_column_text el_class=&#8221;col-txt-home&#8221;]<\/p>\n<h2 class=\"content-paragraph-home\">La Toscana<br \/>\nproduce eccellenza<br \/>\nnel mondo<\/h2>\n<p class=\"content-paragraph-home style-italic-home\" style=\"color: #9b9191;\">Con questo obiettivo nel 1999 tre giovani soci, Massimo, Maurizio e Marco danno vita a \u201cToscana Tipica\u201d uno shop on line che si distingue, gi\u00e0 dall\u2019inizio, per offrire il meglio del gusto tipico toscano, ricavato dalle antiche ricette della tradizione, di cui le famiglie d\u2019origine sono depositarie&#8230;<\/p>\n<p>[\/vc_column_text][vc_btn title=&#8221;SCOPRI DI PI\u00da&#8221; style=&#8221;custom&#8221; custom_background=&#8221;#cca95a&#8221; custom_text=&#8221;#ffffff&#8221; shape=&#8221;square&#8221; align=&#8221;center&#8221; link=&#8221;url:http%3A%2F%2Fpoderemicheli.it%2Fazienda%2F|&#8221;][\/vc_column][\/vc_row][vc_row css=&#8221;.vc_custom_1635415358266{margin-top: 30px !important;}&#8221;][vc_column][vc_column_text el_class=&#8221;style-italic-home&#8221;]<\/p>\n<h3 style=\"text-align: center; color: #bb8408;\">Le offerte della Settimana<\/h3>\n<p>[\/vc_column_text]<div class=\"woocommerce columns-3 \">\n<div class=\"products_wrapper mfn-woo-products isotope_wrapper default-woo-loop lm_wrapper\">\n\t<ul class=\"products \">\n<li class=\"isotope-item align-center has-background-color product type-product post-3554 status-publish first instock product_cat-compositions-gift-idea has-post-thumbnail taxable shipping-taxable purchasable product-type-simple\" >\n\n\t<div class=\"mfn-li-product-row mfn-li-product-row-image\"><div class=\"image_frame scale-with-grid product-loop-thumb\" ontouchstart=\"this.classList.toggle('hover');\"><div class=\"image_wrapper \"><a href=\"https:\/\/www.poderemicheli.it\/en\/prodotto\/nuvola-bianca\/\"><div class=\"mask\"><\/div><img loading=\"lazy\" decoding=\"async\" width=\"500\" height=\"500\" src=\"https:\/\/www.poderemicheli.it\/wp-content\/uploads\/2024\/11\/cesto-regalo-nuvola-bianca-podere-micheli-lucca-toscana-tipica-1-500x500.jpg\" class=\"image-primary scale-with-grid wp-post-image\" alt=\"\" srcset=\"https:\/\/www.poderemicheli.it\/wp-content\/uploads\/2024\/11\/cesto-regalo-nuvola-bianca-podere-micheli-lucca-toscana-tipica-1-500x500.jpg 500w, https:\/\/www.poderemicheli.it\/wp-content\/uploads\/2024\/11\/cesto-regalo-nuvola-bianca-podere-micheli-lucca-toscana-tipica-1-150x150.jpg 150w, https:\/\/www.poderemicheli.it\/wp-content\/uploads\/2024\/11\/cesto-regalo-nuvola-bianca-podere-micheli-lucca-toscana-tipica-1-85x85.jpg 85w, https:\/\/www.poderemicheli.it\/wp-content\/uploads\/2024\/11\/cesto-regalo-nuvola-bianca-podere-micheli-lucca-toscana-tipica-1-80x80.jpg 80w, https:\/\/www.poderemicheli.it\/wp-content\/uploads\/2024\/11\/cesto-regalo-nuvola-bianca-podere-micheli-lucca-toscana-tipica-1-300x300.jpg 300w\" sizes=\"auto, (max-width: 500px) 100vw, 500px\" \/><\/a><div class=\"image_links\"><a rel=\"nofollow\" href=\"?add-to-cart=3554\" data-quantity=\"1\" data-product_id=\"3554\" class=\"add_to_cart_button ajax_add_to_cart product_type_simple\"><svg viewBox=\"0 0 26 26\"><defs><style>.path{fill:none;stroke:#333;stroke-miterlimit:10;stroke-width:1.5px;}<\/style><\/defs><polygon class=\"path\" points=\"20.4 20.4 5.6 20.4 6.83 10.53 19.17 10.53 20.4 20.4\"><\/polygon><path class=\"path\" d=\"M9.3,10.53V9.3a3.7,3.7,0,1,1,7.4,0v1.23\"><\/path><\/svg><\/a><a class=\"link\" href=\"https:\/\/www.poderemicheli.it\/en\/prodotto\/nuvola-bianca\/\"><svg viewBox=\"0 0 26 26\"><defs><style>.path{fill:none;stroke:#333;stroke-miterlimit:10;stroke-width:1.5px;}<\/style><\/defs><g><path d=\"M10.17,8.76l2.12-2.12a5,5,0,0,1,7.07,0h0a5,5,0,0,1,0,7.07l-2.12,2.12\" class=\"path\"\/><path d=\"M15.83,17.24l-2.12,2.12a5,5,0,0,1-7.07,0h0a5,5,0,0,1,0-7.07l2.12-2.12\" class=\"path\"\/><line x1=\"10.17\" y1=\"15.83\" x2=\"15.83\" y2=\"10.17\" class=\"path\"\/><\/g><\/svg><\/a><a href=\"#\" data-id=\"3554\" data-id=\"3554\" class=\"mfn-quick-view\"><svg viewBox=\"0 0 26 26\"><defs><style>.path{fill:none;stroke:#333;stroke-miterlimit:10;stroke-width:1.5px;}<\/style><\/defs><line x1=\"7\" y1=\"7\" x2=\"11.29\" y2=\"11.29\" class=\"path\"\/><line x1=\"14.62\" y1=\"14.62\" x2=\"18.91\" y2=\"18.91\" class=\"path\"\/><polyline points=\"7 15.57 7 19 10.43 19\" class=\"path\"\/><polyline points=\"15.57 19 19 19 19 15.57\" class=\"path\"\/><polyline points=\"10.43 7 7 7 7 10.43\" class=\"path\"\/><polyline points=\"19 10.43 19 7 15.57 7\" class=\"path\"\/><line x1=\"14.71\" y1=\"11.29\" x2=\"19\" y2=\"7\" class=\"path\"\/><line x1=\"7\" y1=\"19\" x2=\"11.29\" y2=\"14.71\" class=\"path\"\/><\/svg><\/a><\/div><\/div><a href=\"https:\/\/www.poderemicheli.it\/en\/prodotto\/nuvola-bianca\/\"><span class=\"product-loading-icon added-cart\"><\/span><\/a><\/div><\/div>\n\t<div class=\"desc\">\n\n\t\t<h4><a href=\"https:\/\/www.poderemicheli.it\/en\/prodotto\/nuvola-bianca\/\">NUVOLA BIANCA<\/a><\/h4>\n\t\t<div class=\"mfn-li-product-row mfn-li-product-row-button show-button button-1\"><span class=\"gtm4wp_productdata\" style=\"display:none; visibility:hidden;\" data-gtm4wp_product_id=\"3554\" data-gtm4wp_product_internal_id=\"3554\" data-gtm4wp_product_name=\"NUVOLA BIANCA\" data-gtm4wp_product_price=\"67\" data-gtm4wp_product_cat=\"Compositions for you and gift ideas\" data-gtm4wp_product_url=\"https:\/\/www.poderemicheli.it\/en\/prodotto\/nuvola-bianca\/\" data-gtm4wp_product_listposition=\"1\" data-gtm4wp_productlist_name=\"Recent Products\" data-gtm4wp_product_stocklevel=\"\" data-gtm4wp_product_brand=\"\"><\/span><\/div>\n\t<\/div>\n\n<\/li>\n<li class=\"isotope-item align-center has-background-color product type-product post-3545 status-publish instock product_cat-compositions-gift-idea has-post-thumbnail taxable shipping-taxable purchasable product-type-simple\" >\n\n\t<div class=\"mfn-li-product-row mfn-li-product-row-image\"><div class=\"image_frame scale-with-grid product-loop-thumb\" ontouchstart=\"this.classList.toggle('hover');\"><div class=\"image_wrapper \"><a href=\"https:\/\/www.poderemicheli.it\/en\/prodotto\/3545\/\"><div class=\"mask\"><\/div><img loading=\"lazy\" decoding=\"async\" width=\"500\" height=\"500\" src=\"https:\/\/www.poderemicheli.it\/wp-content\/uploads\/2024\/11\/cesto-regalo-le-chicche-podere-micheli-lucca-toscana-tipica-3-500x500.jpg\" class=\"image-primary scale-with-grid wp-post-image\" alt=\"\" srcset=\"https:\/\/www.poderemicheli.it\/wp-content\/uploads\/2024\/11\/cesto-regalo-le-chicche-podere-micheli-lucca-toscana-tipica-3-500x500.jpg 500w, https:\/\/www.poderemicheli.it\/wp-content\/uploads\/2024\/11\/cesto-regalo-le-chicche-podere-micheli-lucca-toscana-tipica-3-150x150.jpg 150w, https:\/\/www.poderemicheli.it\/wp-content\/uploads\/2024\/11\/cesto-regalo-le-chicche-podere-micheli-lucca-toscana-tipica-3-85x85.jpg 85w, https:\/\/www.poderemicheli.it\/wp-content\/uploads\/2024\/11\/cesto-regalo-le-chicche-podere-micheli-lucca-toscana-tipica-3-80x80.jpg 80w, https:\/\/www.poderemicheli.it\/wp-content\/uploads\/2024\/11\/cesto-regalo-le-chicche-podere-micheli-lucca-toscana-tipica-3-1000x1000.jpg 1000w, https:\/\/www.poderemicheli.it\/wp-content\/uploads\/2024\/11\/cesto-regalo-le-chicche-podere-micheli-lucca-toscana-tipica-3-300x300.jpg 300w\" sizes=\"auto, (max-width: 500px) 100vw, 500px\" \/><\/a><div class=\"image_links\"><a rel=\"nofollow\" href=\"?add-to-cart=3545\" data-quantity=\"1\" data-product_id=\"3545\" class=\"add_to_cart_button ajax_add_to_cart product_type_simple\"><svg viewBox=\"0 0 26 26\"><defs><style>.path{fill:none;stroke:#333;stroke-miterlimit:10;stroke-width:1.5px;}<\/style><\/defs><polygon class=\"path\" points=\"20.4 20.4 5.6 20.4 6.83 10.53 19.17 10.53 20.4 20.4\"><\/polygon><path class=\"path\" d=\"M9.3,10.53V9.3a3.7,3.7,0,1,1,7.4,0v1.23\"><\/path><\/svg><\/a><a class=\"link\" href=\"https:\/\/www.poderemicheli.it\/en\/prodotto\/3545\/\"><svg viewBox=\"0 0 26 26\"><defs><style>.path{fill:none;stroke:#333;stroke-miterlimit:10;stroke-width:1.5px;}<\/style><\/defs><g><path d=\"M10.17,8.76l2.12-2.12a5,5,0,0,1,7.07,0h0a5,5,0,0,1,0,7.07l-2.12,2.12\" class=\"path\"\/><path d=\"M15.83,17.24l-2.12,2.12a5,5,0,0,1-7.07,0h0a5,5,0,0,1,0-7.07l2.12-2.12\" class=\"path\"\/><line x1=\"10.17\" y1=\"15.83\" x2=\"15.83\" y2=\"10.17\" class=\"path\"\/><\/g><\/svg><\/a><a href=\"#\" data-id=\"3545\" data-id=\"3545\" class=\"mfn-quick-view\"><svg viewBox=\"0 0 26 26\"><defs><style>.path{fill:none;stroke:#333;stroke-miterlimit:10;stroke-width:1.5px;}<\/style><\/defs><line x1=\"7\" y1=\"7\" x2=\"11.29\" y2=\"11.29\" class=\"path\"\/><line x1=\"14.62\" y1=\"14.62\" x2=\"18.91\" y2=\"18.91\" class=\"path\"\/><polyline points=\"7 15.57 7 19 10.43 19\" class=\"path\"\/><polyline points=\"15.57 19 19 19 19 15.57\" class=\"path\"\/><polyline points=\"10.43 7 7 7 7 10.43\" class=\"path\"\/><polyline points=\"19 10.43 19 7 15.57 7\" class=\"path\"\/><line x1=\"14.71\" y1=\"11.29\" x2=\"19\" y2=\"7\" class=\"path\"\/><line x1=\"7\" y1=\"19\" x2=\"11.29\" y2=\"14.71\" class=\"path\"\/><\/svg><\/a><\/div><\/div><a href=\"https:\/\/www.poderemicheli.it\/en\/prodotto\/3545\/\"><span class=\"product-loading-icon added-cart\"><\/span><\/a><\/div><\/div>\n\t<div class=\"desc\">\n\n\t\t<h4><a href=\"https:\/\/www.poderemicheli.it\/en\/prodotto\/3545\/\">Winter&#8217;s Chicche<\/a><\/h4>\n\t\t<div class=\"mfn-li-product-row mfn-li-product-row-button show-button button-1\"><span class=\"gtm4wp_productdata\" style=\"display:none; visibility:hidden;\" data-gtm4wp_product_id=\"3545\" data-gtm4wp_product_internal_id=\"3545\" data-gtm4wp_product_name=\"Winter&#039;s Chicche\" data-gtm4wp_product_price=\"74\" data-gtm4wp_product_cat=\"Compositions for you and gift ideas\" data-gtm4wp_product_url=\"https:\/\/www.poderemicheli.it\/en\/prodotto\/3545\/\" data-gtm4wp_product_listposition=\"2\" data-gtm4wp_productlist_name=\"Recent Products\" data-gtm4wp_product_stocklevel=\"\" data-gtm4wp_product_brand=\"\"><\/span><\/div>\n\t<\/div>\n\n<\/li>\n<li class=\"isotope-item align-center has-background-color product type-product post-3551 status-publish last instock product_cat-compositions-gift-idea has-post-thumbnail taxable shipping-taxable purchasable product-type-simple\" >\n\n\t<div class=\"mfn-li-product-row mfn-li-product-row-image\"><div class=\"image_frame scale-with-grid product-loop-thumb\" ontouchstart=\"this.classList.toggle('hover');\"><div class=\"image_wrapper \"><a href=\"https:\/\/www.poderemicheli.it\/en\/prodotto\/limone\/\"><div class=\"mask\"><\/div><img loading=\"lazy\" decoding=\"async\" width=\"500\" height=\"500\" src=\"https:\/\/www.poderemicheli.it\/wp-content\/uploads\/2024\/11\/cesto-regalo-limone-podere-micheli-lucca-toscana-tipica-1-500x500.jpg\" class=\"image-primary scale-with-grid wp-post-image\" alt=\"\" srcset=\"https:\/\/www.poderemicheli.it\/wp-content\/uploads\/2024\/11\/cesto-regalo-limone-podere-micheli-lucca-toscana-tipica-1-500x500.jpg 500w, https:\/\/www.poderemicheli.it\/wp-content\/uploads\/2024\/11\/cesto-regalo-limone-podere-micheli-lucca-toscana-tipica-1-150x150.jpg 150w, https:\/\/www.poderemicheli.it\/wp-content\/uploads\/2024\/11\/cesto-regalo-limone-podere-micheli-lucca-toscana-tipica-1-85x85.jpg 85w, https:\/\/www.poderemicheli.it\/wp-content\/uploads\/2024\/11\/cesto-regalo-limone-podere-micheli-lucca-toscana-tipica-1-80x80.jpg 80w, https:\/\/www.poderemicheli.it\/wp-content\/uploads\/2024\/11\/cesto-regalo-limone-podere-micheli-lucca-toscana-tipica-1-1000x1000.jpg 1000w, https:\/\/www.poderemicheli.it\/wp-content\/uploads\/2024\/11\/cesto-regalo-limone-podere-micheli-lucca-toscana-tipica-1-300x300.jpg 300w\" sizes=\"auto, (max-width: 500px) 100vw, 500px\" \/><\/a><div class=\"image_links\"><a rel=\"nofollow\" href=\"?add-to-cart=3551\" data-quantity=\"1\" data-product_id=\"3551\" class=\"add_to_cart_button ajax_add_to_cart product_type_simple\"><svg viewBox=\"0 0 26 26\"><defs><style>.path{fill:none;stroke:#333;stroke-miterlimit:10;stroke-width:1.5px;}<\/style><\/defs><polygon class=\"path\" points=\"20.4 20.4 5.6 20.4 6.83 10.53 19.17 10.53 20.4 20.4\"><\/polygon><path class=\"path\" d=\"M9.3,10.53V9.3a3.7,3.7,0,1,1,7.4,0v1.23\"><\/path><\/svg><\/a><a class=\"link\" href=\"https:\/\/www.poderemicheli.it\/en\/prodotto\/limone\/\"><svg viewBox=\"0 0 26 26\"><defs><style>.path{fill:none;stroke:#333;stroke-miterlimit:10;stroke-width:1.5px;}<\/style><\/defs><g><path d=\"M10.17,8.76l2.12-2.12a5,5,0,0,1,7.07,0h0a5,5,0,0,1,0,7.07l-2.12,2.12\" class=\"path\"\/><path d=\"M15.83,17.24l-2.12,2.12a5,5,0,0,1-7.07,0h0a5,5,0,0,1,0-7.07l2.12-2.12\" class=\"path\"\/><line x1=\"10.17\" y1=\"15.83\" x2=\"15.83\" y2=\"10.17\" class=\"path\"\/><\/g><\/svg><\/a><a href=\"#\" data-id=\"3551\" data-id=\"3551\" class=\"mfn-quick-view\"><svg viewBox=\"0 0 26 26\"><defs><style>.path{fill:none;stroke:#333;stroke-miterlimit:10;stroke-width:1.5px;}<\/style><\/defs><line x1=\"7\" y1=\"7\" x2=\"11.29\" y2=\"11.29\" class=\"path\"\/><line x1=\"14.62\" y1=\"14.62\" x2=\"18.91\" y2=\"18.91\" class=\"path\"\/><polyline points=\"7 15.57 7 19 10.43 19\" class=\"path\"\/><polyline points=\"15.57 19 19 19 19 15.57\" class=\"path\"\/><polyline points=\"10.43 7 7 7 7 10.43\" class=\"path\"\/><polyline points=\"19 10.43 19 7 15.57 7\" class=\"path\"\/><line x1=\"14.71\" y1=\"11.29\" x2=\"19\" y2=\"7\" class=\"path\"\/><line x1=\"7\" y1=\"19\" x2=\"11.29\" y2=\"14.71\" class=\"path\"\/><\/svg><\/a><\/div><\/div><a href=\"https:\/\/www.poderemicheli.it\/en\/prodotto\/limone\/\"><span class=\"product-loading-icon added-cart\"><\/span><\/a><\/div><\/div>\n\t<div class=\"desc\">\n\n\t\t<h4><a href=\"https:\/\/www.poderemicheli.it\/en\/prodotto\/limone\/\">LIMONE&#8217;<\/a><\/h4>\n\t\t<div class=\"mfn-li-product-row mfn-li-product-row-button show-button button-1\"><span class=\"gtm4wp_productdata\" style=\"display:none; visibility:hidden;\" data-gtm4wp_product_id=\"3551\" data-gtm4wp_product_internal_id=\"3551\" data-gtm4wp_product_name=\"LIMONE&#039;\" data-gtm4wp_product_price=\"96\" data-gtm4wp_product_cat=\"Compositions for you and gift ideas\" data-gtm4wp_product_url=\"https:\/\/www.poderemicheli.it\/en\/prodotto\/limone\/\" data-gtm4wp_product_listposition=\"3\" data-gtm4wp_productlist_name=\"Recent Products\" data-gtm4wp_product_stocklevel=\"\" data-gtm4wp_product_brand=\"\"><\/span><\/div>\n\t<\/div>\n\n<\/li>\n\n\t<\/ul>\n<\/div><\/div>[\/vc_column][\/vc_row][vc_row css=&#8221;.vc_custom_1634809238096{margin-top: 30px !important;}&#8221;][vc_column][vc_column_text]<\/p>\n<h5 style=\"text-align: center;\">RESTA CONNESSO A TOSCANA TIPICA<\/h5>\n<p>[\/vc_column_text][vc_column_text]<\/p>\n<h3 class=\"content-paragraph-home\" style=\"color: #5b1702;\">Iscriviti alla newsletter<\/h3>\n<p>[\/vc_column_text][vc_btn title=&#8221;ISCRIVITI SUBITO&#8221; style=&#8221;custom&#8221; custom_background=&#8221;#cca95a&#8221; custom_text=&#8221;#ffffff&#8221; shape=&#8221;square&#8221; align=&#8221;center&#8221; i_align=&#8221;right&#8221; i_icon_fontawesome=&#8221;fas fa-chevron-right&#8221; add_icon=&#8221;true&#8221;][\/vc_column][\/vc_row][vc_row][vc_column][vc_raw_js]JTNDc2NyaXB0JTNFJTIwJTBBalF1ZXJ5JTI4d2luZG93JTI5Lm9uJTI4JTI3bG9hZCUyMHJlc2l6ZSUyNyUyQyUyMGZ1bmN0aW9uJTI4JTI5JTIwJTdCJTBBJTIwJTIwJTIwJTIwaWYlMjAlMjhqUXVlcnklMjh3aW5kb3clMjkud2lkdGglMjglMjklMjAlM0MlMjA3NjMlMjklMjAlN0IlMEElMjAlMjAlMjAlMjAlMjAlMjAlMjAlMjAlMjAlMjBqUXVlcnklMjglMjcucHJvZHVjdHMlMjclMjkuc2xpY2slMjglN0IlMEElMjAlMjBwcmV2QXJyb3clM0ElMjclM0NidXR0b24lMjB0eXBlJTNEJTIyYnV0dG9uJTIyJTIwY2xhc3MlM0QlMjJzbGljay1wcmV2JTIyJTNFJTNDJTNDJTJGYnV0dG9uJTNFJTI3JTJDJTBBJTIwJTIwbmV4dEFycm93JTNBJTI3JTNDYnV0dG9uJTIwdHlwZSUzRCUyMmJ1dHRvbiUyMiUyMGNsYXNzJTNEJTIyc2xpY2stbmV4dCUyMiUzRSUzRSUzQyUyRmJ1dHRvbiUzRSUyNyUwQSU3RCUyOSUwQSUyMCUyMCUyMCUyMCUyMCUyMCUyMCUyMCU3RGVsc2UlMjAlN0IlMEElMjAlMjAlMjAlMjAlMjAlMjBqUXVlcnklMjglMjcucHJvZHVjdHMlMjclMjkuZmlsdGVyJTI4JTI3LnNsaWNrLWluaXRpYWxpemVkJTI3JTI5LnNsaWNrJTI4JTI3dW5zbGljayUyNyUyOSUzQiUwQSUyMCUyMCUyMCUyMCU3RCUwQSUyMCUyMCU3RCUyOSUzQiUwQSUwQSUwQSUzQyUyRnNjcmlwdCUzRQ==[\/vc_raw_js][\/vc_column][\/vc_row]<\/p>\n","protected":false},"excerpt":{"rendered":"<p>[vc_row full_width=&#8221;stretch_row_content_no_spaces&#8221; full_height=&#8221;yes&#8221; columns_placement=&#8221;top&#8221; equal_height=&#8221;yes&#8221; css=&#8221;.vc_custom_1670247464035{padding-top: 50px !important;padding-bottom: 50px !important;background-image: url(https:\/\/www.poderemicheli.it\/wp-content\/uploads\/2022\/12\/top-image-homepage-poderemicheli.jpg?id=2182) !important;background-position: center !important;background-repeat: no-repeat !important;background-size: cover !important;}&#8221; el_id=&#8221;header-row&#8221;][vc_column css=&#8221;.vc_custom_1670247513012{padding-top: 0px !important;}&#8221;][vc_column_text css=&#8221;.vc_custom_1670247490205{padding-top: 20px !important;}&#8221;] Podere<span class=\"excerpt-hellip\"> [\u2026]<\/span><\/p>\n","protected":false},"author":1,"featured_media":0,"parent":0,"menu_order":0,"comment_status":"closed","ping_status":"open","template":"","meta":{"_acf_changed":false,"footnotes":""},"class_list":["post-341","page","type-page","status-publish","hentry"],"acf":[],"yoast_head":"<!-- This site is optimized with the Yoast SEO plugin v21.5 - https:\/\/yoast.com\/wordpress\/plugins\/seo\/ -->\n<title>Homepage - Podere Micheli<\/title>\n<meta name=\"robots\" content=\"index, follow, max-snippet:-1, max-image-preview:large, max-video-preview:-1\" \/>\n<link rel=\"canonical\" href=\"https:\/\/www.poderemicheli.it\/en\/\" \/>\n<meta property=\"og:locale\" content=\"en_US\" \/>\n<meta property=\"og:type\" content=\"article\" \/>\n<meta property=\"og:title\" content=\"Homepage - Podere Micheli\" \/>\n<meta property=\"og:description\" content=\"[vc_row full_width=&#8221;stretch_row_content_no_spaces&#8221; full_height=&#8221;yes&#8221; columns_placement=&#8221;top&#8221; equal_height=&#8221;yes&#8221; css=&#8221;.vc_custom_1670247464035{padding-top: 50px !important;padding-bottom: 50px !important;background-image: url(https:\/\/www.poderemicheli.it\/wp-content\/uploads\/2022\/12\/top-image-homepage-poderemicheli.jpg?id=2182) !important;background-position: center !important;background-repeat: no-repeat !important;background-size: cover !important;}&#8221; el_id=&#8221;header-row&#8221;][vc_column css=&#8221;.vc_custom_1670247513012{padding-top: 0px !important;}&#8221;][vc_column_text css=&#8221;.vc_custom_1670247490205{padding-top: 20px !important;}&#8221;] Podere [\u2026]\" \/>\n<meta property=\"og:url\" content=\"https:\/\/www.poderemicheli.it\/en\/\" \/>\n<meta property=\"og:site_name\" content=\"Podere Micheli\" \/>\n<meta property=\"article:modified_time\" content=\"2022-12-05T13:38:35+00:00\" \/>\n<meta name=\"twitter:card\" content=\"summary_large_image\" \/>\n<meta name=\"twitter:label1\" content=\"Est. reading time\" \/>\n\t<meta name=\"twitter:data1\" content=\"2 minutes\" \/>\n<script type=\"application\/ld+json\" class=\"yoast-schema-graph\">{\"@context\":\"https:\/\/schema.org\",\"@graph\":[{\"@type\":\"WebPage\",\"@id\":\"https:\/\/www.poderemicheli.it\/en\/\",\"url\":\"https:\/\/www.poderemicheli.it\/en\/\",\"name\":\"Homepage - Podere Micheli\",\"isPartOf\":{\"@id\":\"https:\/\/www.poderemicheli.it\/#website\"},\"datePublished\":\"2021-11-12T09:03:03+00:00\",\"dateModified\":\"2022-12-05T13:38:35+00:00\",\"breadcrumb\":{\"@id\":\"https:\/\/www.poderemicheli.it\/en\/#breadcrumb\"},\"inLanguage\":\"en-US\",\"potentialAction\":[{\"@type\":\"ReadAction\",\"target\":[\"https:\/\/www.poderemicheli.it\/en\/\"]}]},{\"@type\":\"BreadcrumbList\",\"@id\":\"https:\/\/www.poderemicheli.it\/en\/#breadcrumb\",\"itemListElement\":[{\"@type\":\"ListItem\",\"position\":1,\"name\":\"Home\",\"item\":\"https:\/\/www.poderemicheli.it\/en\/\"},{\"@type\":\"ListItem\",\"position\":2,\"name\":\"Homepage\"}]},{\"@type\":\"WebSite\",\"@id\":\"https:\/\/www.poderemicheli.it\/#website\",\"url\":\"https:\/\/www.poderemicheli.it\/\",\"name\":\"Podere Micheli\",\"description\":\"\",\"potentialAction\":[{\"@type\":\"SearchAction\",\"target\":{\"@type\":\"EntryPoint\",\"urlTemplate\":\"https:\/\/www.poderemicheli.it\/?s={search_term_string}\"},\"query-input\":\"required name=search_term_string\"}],\"inLanguage\":\"en-US\"}]}<\/script>\n<!-- \/ Yoast SEO plugin. -->","yoast_head_json":{"title":"Homepage - Podere Micheli","robots":{"index":"index","follow":"follow","max-snippet":"max-snippet:-1","max-image-preview":"max-image-preview:large","max-video-preview":"max-video-preview:-1"},"canonical":"https:\/\/www.poderemicheli.it\/en\/","og_locale":"en_US","og_type":"article","og_title":"Homepage - Podere Micheli","og_description":"[vc_row full_width=&#8221;stretch_row_content_no_spaces&#8221; full_height=&#8221;yes&#8221; columns_placement=&#8221;top&#8221; equal_height=&#8221;yes&#8221; css=&#8221;.vc_custom_1670247464035{padding-top: 50px !important;padding-bottom: 50px !important;background-image: url(https:\/\/www.poderemicheli.it\/wp-content\/uploads\/2022\/12\/top-image-homepage-poderemicheli.jpg?id=2182) !important;background-position: center !important;background-repeat: no-repeat !important;background-size: cover !important;}&#8221; el_id=&#8221;header-row&#8221;][vc_column css=&#8221;.vc_custom_1670247513012{padding-top: 0px !important;}&#8221;][vc_column_text css=&#8221;.vc_custom_1670247490205{padding-top: 20px !important;}&#8221;] Podere [\u2026]","og_url":"https:\/\/www.poderemicheli.it\/en\/","og_site_name":"Podere Micheli","article_modified_time":"2022-12-05T13:38:35+00:00","twitter_card":"summary_large_image","twitter_misc":{"Est. reading time":"2 minutes"},"schema":{"@context":"https:\/\/schema.org","@graph":[{"@type":"WebPage","@id":"https:\/\/www.poderemicheli.it\/en\/","url":"https:\/\/www.poderemicheli.it\/en\/","name":"Homepage - Podere Micheli","isPartOf":{"@id":"https:\/\/www.poderemicheli.it\/#website"},"datePublished":"2021-11-12T09:03:03+00:00","dateModified":"2022-12-05T13:38:35+00:00","breadcrumb":{"@id":"https:\/\/www.poderemicheli.it\/en\/#breadcrumb"},"inLanguage":"en-US","potentialAction":[{"@type":"ReadAction","target":["https:\/\/www.poderemicheli.it\/en\/"]}]},{"@type":"BreadcrumbList","@id":"https:\/\/www.poderemicheli.it\/en\/#breadcrumb","itemListElement":[{"@type":"ListItem","position":1,"name":"Home","item":"https:\/\/www.poderemicheli.it\/en\/"},{"@type":"ListItem","position":2,"name":"Homepage"}]},{"@type":"WebSite","@id":"https:\/\/www.poderemicheli.it\/#website","url":"https:\/\/www.poderemicheli.it\/","name":"Podere Micheli","description":"","potentialAction":[{"@type":"SearchAction","target":{"@type":"EntryPoint","urlTemplate":"https:\/\/www.poderemicheli.it\/?s={search_term_string}"},"query-input":"required name=search_term_string"}],"inLanguage":"en-US"}]}},"_links":{"self":[{"href":"https:\/\/www.poderemicheli.it\/en\/wp-json\/wp\/v2\/pages\/341","targetHints":{"allow":["GET"]}}],"collection":[{"href":"https:\/\/www.poderemicheli.it\/en\/wp-json\/wp\/v2\/pages"}],"about":[{"href":"https:\/\/www.poderemicheli.it\/en\/wp-json\/wp\/v2\/types\/page"}],"author":[{"embeddable":true,"href":"https:\/\/www.poderemicheli.it\/en\/wp-json\/wp\/v2\/users\/1"}],"replies":[{"embeddable":true,"href":"https:\/\/www.poderemicheli.it\/en\/wp-json\/wp\/v2\/comments?post=341"}],"version-history":[{"count":7,"href":"https:\/\/www.poderemicheli.it\/en\/wp-json\/wp\/v2\/pages\/341\/revisions"}],"predecessor-version":[{"id":2202,"href":"https:\/\/www.poderemicheli.it\/en\/wp-json\/wp\/v2\/pages\/341\/revisions\/2202"}],"wp:attachment":[{"href":"https:\/\/www.poderemicheli.it\/en\/wp-json\/wp\/v2\/media?parent=341"}],"curies":[{"name":"wp","href":"https:\/\/api.w.org\/{rel}","templated":true}]}}