{"id":2403,"date":"2022-12-22T13:36:19","date_gmt":"2022-12-22T12:36:19","guid":{"rendered":"https:\/\/www.poderemicheli.it\/azienda\/"},"modified":"2022-12-27T12:10:03","modified_gmt":"2022-12-27T11:10:03","slug":"azienda","status":"publish","type":"page","link":"https:\/\/www.poderemicheli.it\/en\/azienda\/","title":{"rendered":"Il Podere"},"content":{"rendered":"<p>[vc_row full_width=&#8221;stretch_row_content_no_spaces&#8221;][vc_column][vc_raw_html]JTNDZGl2JTIwY2xhc3MlM0QlMjJvd2wtY2Fyb3VzZWwlMjBvd2wtY2Fyb3VzZWwtdG9wJTIwb3dsLXRoZW1lJTIyJTNFJTBBJTIwJTIwJTIwJTIwJTNDZGl2JTIwY2xhc3MlM0QlMjJpdGVtJTIyJTNFJTBBJTIwJTIwJTIwJTIwJTIwJTIwJTIwJTIwJTNDaW1nJTIwc3JjJTNEJTIyJTJGd3AtY29udGVudCUyRnVwbG9hZHMlMkYyMDIyJTJGMTIlMkZpbC1wb2RlcmUtMS1wb2RlcmVtaWNoZWxpLmpwZyUyMiUyMGFsdCUzRCUyMklsJTIwUG9kZXJlJTIwLSUyMFBvZGVyZSUyME1pY2hlbGklMjIlM0UlMEElMjAlMjAlMjAlMjAlM0MlMkZkaXYlM0UlMEElMjAlMjAlMjAlMjAlM0NkaXYlMjBjbGFzcyUzRCUyMml0ZW0lMjIlM0UlMEElMjAlMjAlMjAlMjAlMjAlMjAlMjAlMjAlM0NpbWclMjBzcmMlM0QlMjIlMkZ3cC1jb250ZW50JTJGdXBsb2FkcyUyRjIwMjIlMkYxMiUyRmlsLXBvZGVyZS0yLXBvZGVyZW1pY2hlbGkuanBnJTIyJTIwYWx0JTNEJTIySWwlMjBQb2RlcmUlMjAtJTIwUG9kZXJlJTIwTWljaGVsaSUyMiUzRSUwQSUyMCUyMCUyMCUyMCUzQyUyRmRpdiUzRSUwQSUzQyUyRmRpdiUzRQ==[\/vc_raw_html][vc_raw_html]JTNDaW1nJTIwc3JjJTNEJTIyJTJGd3AtY29udGVudCUyRnVwbG9hZHMlMkYyMDIyJTJGMTIlMkZsb2dvLXNsaWRlci1wb2RlcmUtbWljaGVsaS5wbmclMjIlMjBjbGFzcyUzRCUyMmxvZ28tc2xpZGVyJTIyJTIwYWx0JTNEJTIyTG9nbyUyMFNsaWRlciUyMC0lMjBQb2RlcmUlMjBNaWNoZWxpJTIyJTNF[\/vc_raw_html][\/vc_column][\/vc_row][vc_row][vc_column][vc_column_text]<\/p>\n<h5 style=\"text-align: center;\">IL PODERE<\/h5>\n<p>[\/vc_column_text][\/vc_column][\/vc_row][vc_row][vc_column][vc_column_text]<\/p>\n<h1 style=\"text-align: center;\">La Toscana produce eccellenza nel mondo.<\/h1>\n<p style=\"text-align: justify;\">Nel lontano 1999 tre giovani soci, Massimo, Maurizio e Marco danno vita a <strong>&#8220;poderemicheli.it&#8221; <\/strong>uno <strong>shop on line<\/strong> e non solo, che si distingue per offrire il meglio del\u00a0<strong>gusto tipico toscano<\/strong><strong>,<\/strong> ricavato dalle antiche ricette della <strong>tradizione culinaria Toscana,<\/strong> di cui le famiglie d&#8217;origine sono depositarie. Ottimi prodotti caratteristici e genuini, apprezzati sia dagli intenditori che riscoprono <strong>&#8220;i sapori di un tempo&#8221;<\/strong> sia da chi scopre per la prima volta il vero gusto italiano. Tradizione secolari quella dei <strong>Micheli,<\/strong> un&#8217;intera famiglia che ha fatto dell&#8217;attaccamento alla propria terra e dell&#8217;amore per l&#8217;agricoltura <strong>un vero e proprio lavoro.<\/strong> <em><strong>Da generazione in generazione, con la stessa grande passione: il rispetto del territorio e della tradizione Toscana.<\/strong><\/em><\/p>\n<p>[\/vc_column_text][vc_single_image image=&#8221;2344&#8243; img_size=&#8221;full&#8221; alignment=&#8221;center&#8221;][\/vc_column][\/vc_row][vc_row][vc_column][vc_column_text]<\/p>\n<h2 style=\"text-align: center;\">I migliori prodotti toscani sulla tua tavola<\/h2>\n<p style=\"text-align: justify;\">La <strong>mission di &#8220;poderemicheli.it&#8221;<\/strong> \u00e8 quella di custodire i segreti e la bont\u00e0 della tradizione gastronomica toscana divenendo il <strong>nuovo catalogo on-line<\/strong> delle ricchezze di questa terra, tenendo d&#8217;occhio il <strong>cambiamento<\/strong> e l&#8217;<strong>evoluzione<\/strong> delle nuove <strong>tendenze alimentari<\/strong>. <strong>Il sito<\/strong> \u00e8 un vero e proprio shop on-line che contiene molti prodotti qualificati, accomunati da un unico denominatore: <strong>la migliore e genuina materia prima<\/strong>. Tutto attorno al mondo del <strong>food<\/strong>, facendo sentire a casa chi non \u00e8 toscano, ma soprattutto anche chi non \u00e8 italiano! Nella continua <strong>voglia di riconoscersi<\/strong> in ci\u00f2 che pi\u00f9 si ama attraverso il <strong>potere della qualit\u00e0<\/strong> che unisce tradizione e innovazione. <em><strong>Passione per la tradizione, tradizione nel futuro.<\/strong><\/em> In questo grande <strong>recipiente<\/strong> di cultura, storia e sapori saranno presenti prodotti dell&#8217;Antica Tradizione Toscana firmata: <strong>Podere Micheli.<\/strong><\/p>\n<p>[\/vc_column_text][vc_single_image image=&#8221;2349&#8243; img_size=&#8221;full&#8221; alignment=&#8221;center&#8221;][\/vc_column][\/vc_row][vc_row][vc_column][vc_raw_html]JTNDZGl2JTIwY2xhc3MlM0QlMjJvd2wtY2Fyb3VzZWwlMjBvd2wtY2Fyb3VzZWwtYm90dG9tLXNsaWRlciUyMG93bC10aGVtZSUyMiUzRSUwQSUyMCUyMCUyMCUyMCUzQ2RpdiUyMGNsYXNzJTNEJTIyaXRlbSUyMiUzRSUwQSUyMCUyMCUyMCUyMCUyMCUyMCUyMCUyMCUzQ2ltZyUyMHNyYyUzRCUyMiUyRndwLWNvbnRlbnQlMkZ1cGxvYWRzJTJGMjAyMiUyRjEyJTJGc2xpZGUtMS1pbC1wb2RlcmUtcG9kZXJlLW1pY2hlbGkuanBnJTIyJTIwYWx0JTNEJTIyU2xpZGUlMjAxJTIwSWwlMjBQb2RlcmUlMjAtJTIwUG9kZXJlJTIwTWljaGVsaSUyMiUzRSUwQSUyMCUyMCUyMCUyMCUzQyUyRmRpdiUzRSUwQSUyMCUyMCUyMCUyMCUzQ2RpdiUyMGNsYXNzJTNEJTIyaXRlbSUyMiUzRSUwQSUyMCUyMCUyMCUyMCUyMCUyMCUyMCUyMCUzQ2ltZyUyMHNyYyUzRCUyMiUyRndwLWNvbnRlbnQlMkZ1cGxvYWRzJTJGMjAyMiUyRjEyJTJGc2xpZGUtMi1pbC1wb2RlcmUtcG9kZXJlLW1pY2hlbGkuanBnJTIyJTIwYWx0JTNEJTIyU2xpZGUlMjAyJTIwSWwlMjBQb2RlcmUlMjAtJTIwUG9kZXJlJTIwTWljaGVsaSUyMiUzRSUwQSUyMCUyMCUyMCUyMCUzQyUyRmRpdiUzRSUwQSUyMCUyMCUyMCUyMCUzQ2RpdiUyMGNsYXNzJTNEJTIyaXRlbSUyMiUzRSUwQSUyMCUyMCUyMCUyMCUyMCUyMCUyMCUyMCUzQ2ltZyUyMHNyYyUzRCUyMiUyRndwLWNvbnRlbnQlMkZ1cGxvYWRzJTJGMjAyMiUyRjEyJTJGc2xpZGUtMy1pbC1wb2RlcmUtcG9kZXJlLW1pY2hlbGkuanBnJTIyJTIwYWx0JTNEJTIyU2xpZGUlMjAzJTIwSWwlMjBQb2RlcmUlMjAtJTIwUG9kZXJlJTIwTWljaGVsaSUyMiUzRSUwQSUyMCUyMCUyMCUyMCUzQyUyRmRpdiUzRSUwQSUyMCUyMCUyMCUyMCUzQ2RpdiUyMGNsYXNzJTNEJTIyaXRlbSUyMiUzRSUwQSUyMCUyMCUyMCUyMCUyMCUyMCUyMCUyMCUzQ2ltZyUyMHNyYyUzRCUyMiUyRndwLWNvbnRlbnQlMkZ1cGxvYWRzJTJGMjAyMiUyRjEyJTJGc2xpZGUtNC1pbC1wb2RlcmUtcG9kZXJlLW1pY2hlbGkuanBnJTIyJTIwYWx0JTNEJTIyU2xpZGUlMjA0JTIwSWwlMjBQb2RlcmUlMjAtJTIwUG9kZXJlJTIwTWljaGVsaSUyMiUzRSUwQSUyMCUyMCUyMCUyMCUzQyUyRmRpdiUzRSUwQSUyMCUyMCUyMCUyMCUzQ2RpdiUyMGNsYXNzJTNEJTIyaXRlbSUyMiUzRSUwQSUyMCUyMCUyMCUyMCUyMCUyMCUyMCUyMCUzQ2ltZyUyMHNyYyUzRCUyMiUyRndwLWNvbnRlbnQlMkZ1cGxvYWRzJTJGMjAyMiUyRjEyJTJGc2xpZGUtNS1pbC1wb2RlcmUtcG9kZXJlLW1pY2hlbGkuanBnJTIyJTIwYWx0JTNEJTIyU2xpZGUlMjA1JTIwSWwlMjBQb2RlcmUlMjAtJTIwUG9kZXJlJTIwTWljaGVsaSUyMiUzRSUwQSUyMCUyMCUyMCUyMCUzQyUyRmRpdiUzRSUwQSUzQyUyRmRpdiUzRQ==[\/vc_raw_html][\/vc_column][\/vc_row][vc_row][vc_column][vc_raw_js]JTNDc2NyaXB0JTNFJTBBJTIwJTIwJTIwJTIwalF1ZXJ5JTI4ZG9jdW1lbnQlMjkucmVhZHklMjhmdW5jdGlvbiUyOCUyNCUyOSUyMCU3QiUwQSUyMCUyMCUyMCUyMCUyMCUyMCUyMCUyMHNldFRpbWVvdXQlMjhmdW5jdGlvbiUyOCUyOSUyMCU3QiUwQSUyMCUyMCUyMCUyMCUyMCUyMCUyMCUyMCUyMCUyMCUyMCUyMCUyNCUyOCUyNy5vd2wtY2Fyb3VzZWwtdG9wJTI3JTI5Lm93bENhcm91c2VsJTI4JTdCJTBBJTIwJTIwJTIwJTIwJTIwJTIwJTIwJTIwJTIwJTIwJTIwJTIwJTIwJTIwJTIwJTIwbG9vcCUzQSUyMHRydWUlMkMlMEElMjAlMjAlMjAlMjAlMjAlMjAlMjAlMjAlMjAlMjAlMjAlMjAlMjAlMjAlMjAlMjBtYXJnaW4lM0ElMjAxMCUyQyUwQSUyMCUyMCUyMCUyMCUyMCUyMCUyMCUyMCUyMCUyMCUyMCUyMCUyMCUyMCUyMCUyMG5hdiUzQSUyMGZhbHNlJTJDJTBBJTIwJTIwJTIwJTIwJTIwJTIwJTIwJTIwJTIwJTIwJTIwJTIwJTIwJTIwJTIwJTIwZG90cyUzQSUyMGZhbHNlJTJDJTBBJTIwJTIwJTIwJTIwJTIwJTIwJTIwJTIwJTIwJTIwJTIwJTIwJTIwJTIwJTIwJTIwaXRlbXMlM0ElMjAxJTJDJTBBJTIwJTIwJTIwJTIwJTIwJTIwJTIwJTIwJTIwJTIwJTIwJTIwJTIwJTIwJTIwJTIwYXV0b3BsYXklM0ElMjB0cnVlJTBBJTIwJTIwJTIwJTIwJTIwJTIwJTIwJTIwJTIwJTIwJTIwJTIwJTdEJTI5JTBBJTIwJTIwJTIwJTIwJTIwJTIwJTIwJTIwJTdEJTJDJTIwMTAwJTI5JTNCJTBBJTIwJTIwJTIwJTIwJTBBJTIwJTIwJTIwJTIwJTBBJTIwJTIwJTIwJTIwJTIwJTIwJTIwJTIwc2V0VGltZW91dCUyOGZ1bmN0aW9uJTI4JTI5JTIwJTdCJTBBJTIwJTIwJTIwJTIwJTIwJTIwJTIwJTIwJTIwJTIwJTIwJTIwJTI0JTI4JTI3Lm93bC1jYXJvdXNlbC1ib3R0b20tc2xpZGVyJTI3JTI5Lm93bENhcm91c2VsJTI4JTdCJTBBJTIwJTIwJTIwJTIwJTIwJTIwJTIwJTIwJTIwJTIwJTIwJTIwJTIwJTIwJTIwJTIwbG9vcCUzQSUyMHRydWUlMkMlMEElMjAlMjAlMjAlMjAlMjAlMjAlMjAlMjAlMjAlMjAlMjAlMjAlMjAlMjAlMjAlMjBtYXJnaW4lM0ElMjAxMCUyQyUwQSUyMCUyMCUyMCUyMCUyMCUyMCUyMCUyMCUyMCUyMCUyMCUyMCUyMCUyMCUyMCUyMGRvdHMlM0ElMjB0cnVlJTJDJTBBJTIwJTIwJTIwJTIwJTIwJTIwJTIwJTIwJTIwJTIwJTIwJTIwJTIwJTIwJTIwJTIwYXV0b3BsYXklM0ElMjB0cnVlJTJDJTBBJTIwJTIwJTIwJTIwJTIwJTIwJTIwJTIwJTIwJTIwJTIwJTIwJTIwJTIwJTIwJTIwcmVzcG9uc2l2ZSUzQSUyMCU3QiUwQSUyMCUyMCUyMCUyMCUyMCUyMCUyMCUyMCUyMCUyMCUyMCUyMCUyMCUyMCUyMCUyMCUyMCUyMCUyMCUyMDAlM0ElMjAlN0IlMEElMjAlMjAlMjAlMjAlMjAlMjAlMjAlMjAlMjAlMjAlMjAlMjAlMjAlMjAlMjAlMjAlMjAlMjAlMjAlMjAlMjAlMjAlMjAlMjBpdGVtcyUzQSUyMDElMEElMjAlMjAlMjAlMjAlMjAlMjAlMjAlMjAlMjAlMjAlMjAlMjAlMjAlMjAlMjAlMjAlMjAlMjAlMjAlMjAlN0QlMEElMjAlMjAlMjAlMjAlMjAlMjAlMjAlMjAlMjAlMjAlMjAlMjAlMjAlMjAlMjAlMjAlN0QlMEElMjAlMjAlMjAlMjAlMjAlMjAlMjAlMjAlMjAlMjAlMjAlMjAlN0QlMjklMEElMjAlMjAlMjAlMjAlMjAlMjAlMjAlMjAlN0QlMkMlMjAyMDAlMjklM0IlMEElMjAlMjAlMjAlMjAlN0QlMjklMEElMjAlMjAlMjAlMjAlM0MlMkZzY3JpcHQlM0U=[\/vc_raw_js][\/vc_column][\/vc_row]<\/p>\n","protected":false},"excerpt":{"rendered":"<p>[vc_row full_width=&#8221;stretch_row_content_no_spaces&#8221;][vc_column][vc_raw_html]JTNDZGl2JTIwY2xhc3MlM0QlMjJvd2wtY2Fyb3VzZWwlMjBvd2wtY2Fyb3VzZWwtdG9wJTIwb3dsLXRoZW1lJTIyJTNFJTBBJTIwJTIwJTIwJTIwJTNDZGl2JTIwY2xhc3MlM0QlMjJpdGVtJTIyJTNFJTBBJTIwJTIwJTIwJTIwJTIwJTIwJTIwJTIwJTNDaW1nJTIwc3JjJTNEJTIyJTJGd3AtY29udGVudCUyRnVwbG9hZHMlMkYyMDIyJTJGMTIlMkZpbC1wb2RlcmUtMS1wb2RlcmVtaWNoZWxpLmpwZyUyMiUyMGFsdCUzRCUyMklsJTIwUG9kZXJlJTIwLSUyMFBvZGVyZSUyME1pY2hlbGklMjIlM0UlMEElMjAlMjAlMjAlMjAlM0MlMkZkaXYlM0UlMEElMjAlMjAlMjAlMjAlM0NkaXYlMjBjbGFzcyUzRCUyMml0ZW0lMjIlM0UlMEElMjAlMjAlMjAlMjAlMjAlMjAlMjAlMjAlM0NpbWclMjBzcmMlM0QlMjIlMkZ3cC1jb250ZW50JTJGdXBsb2FkcyUyRjIwMjIlMkYxMiUyRmlsLXBvZGVyZS0yLXBvZGVyZW1pY2hlbGkuanBnJTIyJTIwYWx0JTNEJTIySWwlMjBQb2RlcmUlMjAtJTIwUG9kZXJlJTIwTWljaGVsaSUyMiUzRSUwQSUyMCUyMCUyMCUyMCUzQyUyRmRpdiUzRSUwQSUzQyUyRmRpdiUzRQ==[\/vc_raw_html][vc_raw_html]JTNDaW1nJTIwc3JjJTNEJTIyJTJGd3AtY29udGVudCUyRnVwbG9hZHMlMkYyMDIyJTJGMTIlMkZsb2dvLXNsaWRlci1wb2RlcmUtbWljaGVsaS5wbmclMjIlMjBjbGFzcyUzRCUyMmxvZ28tc2xpZGVyJTIyJTIwYWx0JTNEJTIyTG9nbyUyMFNsaWRlciUyMC0lMjBQb2RlcmUlMjBNaWNoZWxpJTIyJTNF[\/vc_raw_html][\/vc_column][\/vc_row][vc_row][vc_column][vc_column_text] IL PODERE [\/vc_column_text][\/vc_column][\/vc_row][vc_row][vc_column][vc_column_text] La Toscana produce eccellenza nel mondo. Nel lontano 1999 tre giovani soci, Massimo, Maurizio e Marco danno vita a &#8220;poderemicheli.it&#8221; uno<span class=\"excerpt-hellip\"> [\u2026]<\/span><\/p>\n","protected":false},"author":1,"featured_media":0,"parent":0,"menu_order":0,"comment_status":"closed","ping_status":"closed","template":"","meta":{"_acf_changed":false,"footnotes":""},"class_list":["post-2403","page","type-page","status-publish","hentry"],"acf":[],"yoast_head":"<!-- This site is optimized with the Yoast SEO plugin v21.5 - https:\/\/yoast.com\/wordpress\/plugins\/seo\/ -->\n<title>Il Podere - Podere Micheli<\/title>\n<meta name=\"robots\" content=\"index, follow, max-snippet:-1, max-image-preview:large, max-video-preview:-1\" \/>\n<link rel=\"canonical\" href=\"https:\/\/www.poderemicheli.it\/en\/azienda\/\" \/>\n<meta property=\"og:locale\" content=\"en_US\" \/>\n<meta property=\"og:type\" content=\"article\" \/>\n<meta property=\"og:title\" content=\"Il Podere - Podere Micheli\" \/>\n<meta property=\"og:description\" content=\"[vc_row full_width=&#8221;stretch_row_content_no_spaces&#8221;][vc_column][vc_raw_html]JTNDZGl2JTIwY2xhc3MlM0QlMjJvd2wtY2Fyb3VzZWwlMjBvd2wtY2Fyb3VzZWwtdG9wJTIwb3dsLXRoZW1lJTIyJTNFJTBBJTIwJTIwJTIwJTIwJTNDZGl2JTIwY2xhc3MlM0QlMjJpdGVtJTIyJTNFJTBBJTIwJTIwJTIwJTIwJTIwJTIwJTIwJTIwJTNDaW1nJTIwc3JjJTNEJTIyJTJGd3AtY29udGVudCUyRnVwbG9hZHMlMkYyMDIyJTJGMTIlMkZpbC1wb2RlcmUtMS1wb2RlcmVtaWNoZWxpLmpwZyUyMiUyMGFsdCUzRCUyMklsJTIwUG9kZXJlJTIwLSUyMFBvZGVyZSUyME1pY2hlbGklMjIlM0UlMEElMjAlMjAlMjAlMjAlM0MlMkZkaXYlM0UlMEElMjAlMjAlMjAlMjAlM0NkaXYlMjBjbGFzcyUzRCUyMml0ZW0lMjIlM0UlMEElMjAlMjAlMjAlMjAlMjAlMjAlMjAlMjAlM0NpbWclMjBzcmMlM0QlMjIlMkZ3cC1jb250ZW50JTJGdXBsb2FkcyUyRjIwMjIlMkYxMiUyRmlsLXBvZGVyZS0yLXBvZGVyZW1pY2hlbGkuanBnJTIyJTIwYWx0JTNEJTIySWwlMjBQb2RlcmUlMjAtJTIwUG9kZXJlJTIwTWljaGVsaSUyMiUzRSUwQSUyMCUyMCUyMCUyMCUzQyUyRmRpdiUzRSUwQSUzQyUyRmRpdiUzRQ==[\/vc_raw_html][vc_raw_html]JTNDaW1nJTIwc3JjJTNEJTIyJTJGd3AtY29udGVudCUyRnVwbG9hZHMlMkYyMDIyJTJGMTIlMkZsb2dvLXNsaWRlci1wb2RlcmUtbWljaGVsaS5wbmclMjIlMjBjbGFzcyUzRCUyMmxvZ28tc2xpZGVyJTIyJTIwYWx0JTNEJTIyTG9nbyUyMFNsaWRlciUyMC0lMjBQb2RlcmUlMjBNaWNoZWxpJTIyJTNF[\/vc_raw_html][\/vc_column][\/vc_row][vc_row][vc_column][vc_column_text] IL PODERE [\/vc_column_text][\/vc_column][\/vc_row][vc_row][vc_column][vc_column_text] La Toscana produce eccellenza nel mondo. Nel lontano 1999 tre giovani soci, Massimo, Maurizio e Marco danno vita a &#8220;poderemicheli.it&#8221; uno [\u2026]\" \/>\n<meta property=\"og:url\" content=\"https:\/\/www.poderemicheli.it\/en\/azienda\/\" \/>\n<meta property=\"og:site_name\" content=\"Podere Micheli\" \/>\n<meta property=\"article:modified_time\" content=\"2022-12-27T11:10:03+00:00\" \/>\n<meta name=\"twitter:card\" content=\"summary_large_image\" \/>\n<meta name=\"twitter:label1\" content=\"Est. reading time\" \/>\n\t<meta name=\"twitter:data1\" content=\"2 minutes\" \/>\n<script type=\"application\/ld+json\" class=\"yoast-schema-graph\">{\"@context\":\"https:\/\/schema.org\",\"@graph\":[{\"@type\":\"WebPage\",\"@id\":\"https:\/\/www.poderemicheli.it\/en\/azienda\/\",\"url\":\"https:\/\/www.poderemicheli.it\/en\/azienda\/\",\"name\":\"Il Podere - Podere Micheli\",\"isPartOf\":{\"@id\":\"https:\/\/www.poderemicheli.it\/#website\"},\"datePublished\":\"2022-12-22T12:36:19+00:00\",\"dateModified\":\"2022-12-27T11:10:03+00:00\",\"breadcrumb\":{\"@id\":\"https:\/\/www.poderemicheli.it\/en\/azienda\/#breadcrumb\"},\"inLanguage\":\"en-US\",\"potentialAction\":[{\"@type\":\"ReadAction\",\"target\":[\"https:\/\/www.poderemicheli.it\/en\/azienda\/\"]}]},{\"@type\":\"BreadcrumbList\",\"@id\":\"https:\/\/www.poderemicheli.it\/en\/azienda\/#breadcrumb\",\"itemListElement\":[{\"@type\":\"ListItem\",\"position\":1,\"name\":\"Home\",\"item\":\"https:\/\/www.poderemicheli.it\/en\/\"},{\"@type\":\"ListItem\",\"position\":2,\"name\":\"Il Podere\"}]},{\"@type\":\"WebSite\",\"@id\":\"https:\/\/www.poderemicheli.it\/#website\",\"url\":\"https:\/\/www.poderemicheli.it\/\",\"name\":\"Podere Micheli\",\"description\":\"\",\"potentialAction\":[{\"@type\":\"SearchAction\",\"target\":{\"@type\":\"EntryPoint\",\"urlTemplate\":\"https:\/\/www.poderemicheli.it\/?s={search_term_string}\"},\"query-input\":\"required name=search_term_string\"}],\"inLanguage\":\"en-US\"}]}<\/script>\n<!-- \/ Yoast SEO plugin. -->","yoast_head_json":{"title":"Il Podere - Podere Micheli","robots":{"index":"index","follow":"follow","max-snippet":"max-snippet:-1","max-image-preview":"max-image-preview:large","max-video-preview":"max-video-preview:-1"},"canonical":"https:\/\/www.poderemicheli.it\/en\/azienda\/","og_locale":"en_US","og_type":"article","og_title":"Il Podere - Podere Micheli","og_description":"[vc_row full_width=&#8221;stretch_row_content_no_spaces&#8221;][vc_column][vc_raw_html]JTNDZGl2JTIwY2xhc3MlM0QlMjJvd2wtY2Fyb3VzZWwlMjBvd2wtY2Fyb3VzZWwtdG9wJTIwb3dsLXRoZW1lJTIyJTNFJTBBJTIwJTIwJTIwJTIwJTNDZGl2JTIwY2xhc3MlM0QlMjJpdGVtJTIyJTNFJTBBJTIwJTIwJTIwJTIwJTIwJTIwJTIwJTIwJTNDaW1nJTIwc3JjJTNEJTIyJTJGd3AtY29udGVudCUyRnVwbG9hZHMlMkYyMDIyJTJGMTIlMkZpbC1wb2RlcmUtMS1wb2RlcmVtaWNoZWxpLmpwZyUyMiUyMGFsdCUzRCUyMklsJTIwUG9kZXJlJTIwLSUyMFBvZGVyZSUyME1pY2hlbGklMjIlM0UlMEElMjAlMjAlMjAlMjAlM0MlMkZkaXYlM0UlMEElMjAlMjAlMjAlMjAlM0NkaXYlMjBjbGFzcyUzRCUyMml0ZW0lMjIlM0UlMEElMjAlMjAlMjAlMjAlMjAlMjAlMjAlMjAlM0NpbWclMjBzcmMlM0QlMjIlMkZ3cC1jb250ZW50JTJGdXBsb2FkcyUyRjIwMjIlMkYxMiUyRmlsLXBvZGVyZS0yLXBvZGVyZW1pY2hlbGkuanBnJTIyJTIwYWx0JTNEJTIySWwlMjBQb2RlcmUlMjAtJTIwUG9kZXJlJTIwTWljaGVsaSUyMiUzRSUwQSUyMCUyMCUyMCUyMCUzQyUyRmRpdiUzRSUwQSUzQyUyRmRpdiUzRQ==[\/vc_raw_html][vc_raw_html]JTNDaW1nJTIwc3JjJTNEJTIyJTJGd3AtY29udGVudCUyRnVwbG9hZHMlMkYyMDIyJTJGMTIlMkZsb2dvLXNsaWRlci1wb2RlcmUtbWljaGVsaS5wbmclMjIlMjBjbGFzcyUzRCUyMmxvZ28tc2xpZGVyJTIyJTIwYWx0JTNEJTIyTG9nbyUyMFNsaWRlciUyMC0lMjBQb2RlcmUlMjBNaWNoZWxpJTIyJTNF[\/vc_raw_html][\/vc_column][\/vc_row][vc_row][vc_column][vc_column_text] IL PODERE [\/vc_column_text][\/vc_column][\/vc_row][vc_row][vc_column][vc_column_text] La Toscana produce eccellenza nel mondo. Nel lontano 1999 tre giovani soci, Massimo, Maurizio e Marco danno vita a &#8220;poderemicheli.it&#8221; uno [\u2026]","og_url":"https:\/\/www.poderemicheli.it\/en\/azienda\/","og_site_name":"Podere Micheli","article_modified_time":"2022-12-27T11:10:03+00:00","twitter_card":"summary_large_image","twitter_misc":{"Est. reading time":"2 minutes"},"schema":{"@context":"https:\/\/schema.org","@graph":[{"@type":"WebPage","@id":"https:\/\/www.poderemicheli.it\/en\/azienda\/","url":"https:\/\/www.poderemicheli.it\/en\/azienda\/","name":"Il Podere - Podere Micheli","isPartOf":{"@id":"https:\/\/www.poderemicheli.it\/#website"},"datePublished":"2022-12-22T12:36:19+00:00","dateModified":"2022-12-27T11:10:03+00:00","breadcrumb":{"@id":"https:\/\/www.poderemicheli.it\/en\/azienda\/#breadcrumb"},"inLanguage":"en-US","potentialAction":[{"@type":"ReadAction","target":["https:\/\/www.poderemicheli.it\/en\/azienda\/"]}]},{"@type":"BreadcrumbList","@id":"https:\/\/www.poderemicheli.it\/en\/azienda\/#breadcrumb","itemListElement":[{"@type":"ListItem","position":1,"name":"Home","item":"https:\/\/www.poderemicheli.it\/en\/"},{"@type":"ListItem","position":2,"name":"Il Podere"}]},{"@type":"WebSite","@id":"https:\/\/www.poderemicheli.it\/#website","url":"https:\/\/www.poderemicheli.it\/","name":"Podere Micheli","description":"","potentialAction":[{"@type":"SearchAction","target":{"@type":"EntryPoint","urlTemplate":"https:\/\/www.poderemicheli.it\/?s={search_term_string}"},"query-input":"required name=search_term_string"}],"inLanguage":"en-US"}]}},"_links":{"self":[{"href":"https:\/\/www.poderemicheli.it\/en\/wp-json\/wp\/v2\/pages\/2403","targetHints":{"allow":["GET"]}}],"collection":[{"href":"https:\/\/www.poderemicheli.it\/en\/wp-json\/wp\/v2\/pages"}],"about":[{"href":"https:\/\/www.poderemicheli.it\/en\/wp-json\/wp\/v2\/types\/page"}],"author":[{"embeddable":true,"href":"https:\/\/www.poderemicheli.it\/en\/wp-json\/wp\/v2\/users\/1"}],"replies":[{"embeddable":true,"href":"https:\/\/www.poderemicheli.it\/en\/wp-json\/wp\/v2\/comments?post=2403"}],"version-history":[{"count":3,"href":"https:\/\/www.poderemicheli.it\/en\/wp-json\/wp\/v2\/pages\/2403\/revisions"}],"predecessor-version":[{"id":2411,"href":"https:\/\/www.poderemicheli.it\/en\/wp-json\/wp\/v2\/pages\/2403\/revisions\/2411"}],"wp:attachment":[{"href":"https:\/\/www.poderemicheli.it\/en\/wp-json\/wp\/v2\/media?parent=2403"}],"curies":[{"name":"wp","href":"https:\/\/api.w.org\/{rel}","templated":true}]}}